{"id":166,"date":"2020-10-19T10:46:01","date_gmt":"2020-10-19T10:46:01","guid":{"rendered":"https:\/\/www.ophalenvet.be\/home\/"},"modified":"2026-01-26T10:31:15","modified_gmt":"2026-01-26T10:31:15","slug":"home","status":"publish","type":"page","link":"https:\/\/www.ophalenvet.be\/fr\/","title":{"rendered":"Home"},"content":{"rendered":"\t\t<div data-elementor-type=\"wp-page\" data-elementor-id=\"166\" class=\"elementor elementor-166 elementor-8\">\n\t\t\t\t\t\t<section class=\"elementor-section elementor-top-section elementor-element elementor-element-c54e391 elementor-section-content-middle elementor-section-stretched elementor-section-boxed elementor-section-height-default elementor-section-height-default\" data-id=\"c54e391\" data-element_type=\"section\" data-e-type=\"section\" data-settings=\"{&quot;stretch_section&quot;:&quot;section-stretched&quot;,&quot;background_background&quot;:&quot;classic&quot;}\">\n\t\t\t\t\t\t<div class=\"elementor-container elementor-column-gap-wider\">\n\t\t\t\t\t<div class=\"elementor-column elementor-col-100 elementor-top-column elementor-element elementor-element-75d6413\" data-id=\"75d6413\" data-element_type=\"column\" data-e-type=\"column\">\n\t\t\t<div class=\"elementor-widget-wrap elementor-element-populated\">\n\t\t\t\t\t\t<div class=\"elementor-element elementor-element-56d21fb elementor-widget elementor-widget-text-editor\" data-id=\"56d21fb\" data-element_type=\"widget\" data-e-type=\"widget\" data-widget_type=\"text-editor.default\">\n\t\t\t\t\t\t\t\t\t<h2>Horeca Services De Coster r\u00e9cup\u00e8re votre huile de friture usag\u00e9e de mani\u00e8re certifi\u00e9e et contre r\u00e9mun\u00e9ration, et vous livre en m\u00eame temps de l&rsquo;huile fra\u00eeche de qualit\u00e9. Rapidement, sans tracas et avec un seul interlocuteur, de Bruges \u00e0 Li\u00e8ge et d&rsquo;Anvers \u00e0 Namur. <\/h2>\t\t\t\t\t\t\t\t<\/div>\n\t\t\t\t\t<\/div>\n\t\t<\/div>\n\t\t\t\t\t<\/div>\n\t\t<\/section>\n\t\t\t\t<section class=\"elementor-section elementor-top-section elementor-element elementor-element-6199bec elementor-section-stretched elementor-section-boxed elementor-section-height-default elementor-section-height-default\" data-id=\"6199bec\" data-element_type=\"section\" data-e-type=\"section\" data-settings=\"{&quot;stretch_section&quot;:&quot;section-stretched&quot;,&quot;background_background&quot;:&quot;classic&quot;}\">\n\t\t\t\t\t\t<div class=\"elementor-container elementor-column-gap-wider\">\n\t\t\t\t\t<div class=\"elementor-column elementor-col-100 elementor-top-column elementor-element elementor-element-1c992d4\" data-id=\"1c992d4\" data-element_type=\"column\" data-e-type=\"column\">\n\t\t\t<div class=\"elementor-widget-wrap elementor-element-populated\">\n\t\t\t\t\t\t<div class=\"elementor-element elementor-element-d6c71a6 elementor-widget elementor-widget-text-editor\" data-id=\"d6c71a6\" data-element_type=\"widget\" data-e-type=\"widget\" data-widget_type=\"text-editor.default\">\n\t\t\t\t\t\t\t\t\t<h2><span style=\"color: #ffffff;\">Comment nous travaillons<\/span><\/h2>\t\t\t\t\t\t\t\t<\/div>\n\t\t\t\t<section class=\"elementor-section elementor-inner-section elementor-element elementor-element-d5a0c52 elementor-section-boxed elementor-section-height-default elementor-section-height-default\" data-id=\"d5a0c52\" data-element_type=\"section\" data-e-type=\"section\">\n\t\t\t\t\t\t<div class=\"elementor-container elementor-column-gap-narrow\">\n\t\t\t\t\t<div class=\"elementor-column elementor-col-50 elementor-inner-column elementor-element elementor-element-ad59d9d\" data-id=\"ad59d9d\" data-element_type=\"column\" data-e-type=\"column\" data-settings=\"{&quot;background_background&quot;:&quot;classic&quot;}\">\n\t\t\t<div class=\"elementor-widget-wrap elementor-element-populated\">\n\t\t\t\t\t\t<div class=\"elementor-element elementor-element-49c202d elementor-widget elementor-widget-text-editor\" data-id=\"49c202d\" data-element_type=\"widget\" data-e-type=\"widget\" data-widget_type=\"text-editor.default\">\n\t\t\t\t\t\t\t\t\t<h4 style=\"text-align: left;\"><strong>Un seul partenaire: collecte, livraison et recyclage<\/strong><\/h4><p style=\"text-align: left;\">Nous vous simplifions la t\u00e2che : nous venons chercher <strong data-start=\"1012\" data-end=\"1052\">votre graisse de friture usag\u00e9e<\/strong> et vous <strong data-start=\"1056\" data-end=\"1085\">livrons de l&rsquo;huile de friture<\/strong> fra\u00eeche lors du m\u00eame passage. Cela vous fait gagner du temps, permet de garder votre cuisine bien rang\u00e9e et r\u00e9duit votre espace de stockage. Nos chauffeurs interviennent dans <strong data-start=\"1191\" data-end=\"1209\">toute la Belgique<\/strong> : Flandre occidentale, Flandre orientale, Anvers, Gand, Bruges, Bruxelles, Li\u00e8ge, Namur, Brabant wallon et Hainaut. Gr\u00e2ce \u00e0 notre service de collecte agr\u00e9\u00e9, vous \u00eates assur\u00e9 de disposer des documents environnementaux appropri\u00e9s et d&rsquo;un traitement correct.<\/p>\t\t\t\t\t\t\t\t<\/div>\n\t\t\t\t\t<\/div>\n\t\t<\/div>\n\t\t\t\t<div class=\"elementor-column elementor-col-50 elementor-inner-column elementor-element elementor-element-24a2c9c\" data-id=\"24a2c9c\" data-element_type=\"column\" data-e-type=\"column\" data-settings=\"{&quot;background_background&quot;:&quot;classic&quot;}\">\n\t\t\t<div class=\"elementor-widget-wrap elementor-element-populated\">\n\t\t\t\t\t\t<div class=\"elementor-element elementor-element-b94e467 elementor-widget elementor-widget-text-editor\" data-id=\"b94e467\" data-element_type=\"widget\" data-e-type=\"widget\" data-widget_type=\"text-editor.default\">\n\t\t\t\t\t\t\t\t\t<h4 style=\"text-align: left;\"><strong>Livraison d\u2019huile de qualit\u00e9 pour un r\u00e9sultat constant<\/strong><\/h4><p style=\"text-align: left;\">Nous livrons une huile de friture premium dans des formats adapt\u00e9s \u00e0 votre consommation. Prix transparents, livraisons ponctuelles et conseils pratiques (filtres, fr\u00e9quence de remplacement, temp\u00e9ratures). Un r\u00e9sultat constant = clients satisfaits.  <\/p>\t\t\t\t\t\t\t\t<\/div>\n\t\t\t\t\t<\/div>\n\t\t<\/div>\n\t\t\t\t\t<\/div>\n\t\t<\/section>\n\t\t\t\t<section class=\"elementor-section elementor-inner-section elementor-element elementor-element-a561a24 elementor-section-boxed elementor-section-height-default elementor-section-height-default\" data-id=\"a561a24\" data-element_type=\"section\" data-e-type=\"section\">\n\t\t\t\t\t\t<div class=\"elementor-container elementor-column-gap-narrow\">\n\t\t\t\t\t<div class=\"elementor-column elementor-col-50 elementor-inner-column elementor-element elementor-element-11140d8\" data-id=\"11140d8\" data-element_type=\"column\" data-e-type=\"column\" data-settings=\"{&quot;background_background&quot;:&quot;classic&quot;}\">\n\t\t\t<div class=\"elementor-widget-wrap elementor-element-populated\">\n\t\t\t\t\t\t<div class=\"elementor-element elementor-element-81d1f8f elementor-widget elementor-widget-text-editor\" data-id=\"81d1f8f\" data-element_type=\"widget\" data-e-type=\"widget\" data-widget_type=\"text-editor.default\">\n\t\t\t\t\t\t\t\t\t<h4 style=\"text-align: left;\"><strong>Collecte gratuite et reconnue, toujours ponctuelle<br><\/strong><\/h4><p style=\"text-align: left;\">Notre <strong data-start=\"1478\" data-end=\"1500\">collecte est gratuite et vous \u00eates r\u00e9mun\u00e9r\u00e9 pour vos graisses usag\u00e9es<\/strong>, pour le secteur de la restauration, et elle s&rsquo;effectue \u00e0 l&rsquo;aide de r\u00e9cipients s\u00fbrs et \u00e9tanches. Vous choisissez une fr\u00e9quence fixe ou vous appelez quand cela vous convient \u2014 <strong data-start=\"1631\" data-end=\"1654\">nous planifions rapidement.<\/strong> Vous recevrez \u00e0 chaque fois les <strong data-start=\"1685\" data-end=\"1718\">documents n\u00e9cessaires relatifs aux d\u00e9chets et au recyclage<\/strong> afin que votre audit ou contr\u00f4le se d\u00e9roule sans encombre. Chez nous, vos r\u00e9sidus graisseux b\u00e9n\u00e9ficient d&rsquo;une seconde vie gr\u00e2ce \u00e0 un recyclage respectueux de l&rsquo;environnement.<\/p>\t\t\t\t\t\t\t\t<\/div>\n\t\t\t\t\t<\/div>\n\t\t<\/div>\n\t\t\t\t<div class=\"elementor-column elementor-col-50 elementor-inner-column elementor-element elementor-element-63a641f\" data-id=\"63a641f\" data-element_type=\"column\" data-e-type=\"column\" data-settings=\"{&quot;background_background&quot;:&quot;classic&quot;}\">\n\t\t\t<div class=\"elementor-widget-wrap elementor-element-populated\">\n\t\t\t\t\t\t<div class=\"elementor-element elementor-element-5abb770 elementor-widget elementor-widget-text-editor\" data-id=\"5abb770\" data-element_type=\"widget\" data-e-type=\"widget\" data-widget_type=\"text-editor.default\">\n\t\t\t\t\t\t\t\t\t<h4 style=\"text-align: left;\"><strong>Pour qui ?<\/strong><\/h4><p style=\"text-align: left;\">Friteries, snacks, restaurants, h\u00f4tels, boucheries, cuisines de collectivit\u00e9. Plusieurs sites ou p\u00e9riodes de forte activit\u00e9 (\u00e9v\u00e9nements, festivals) ? Nous adaptons nos tourn\u00e9es pour que votre production reste fluide.<\/p>\t\t\t\t\t\t\t\t<\/div>\n\t\t\t\t\t<\/div>\n\t\t<\/div>\n\t\t\t\t\t<\/div>\n\t\t<\/section>\n\t\t\t\t\t<\/div>\n\t\t<\/div>\n\t\t\t\t\t<\/div>\n\t\t<\/section>\n\t\t\t\t<section class=\"elementor-section elementor-top-section elementor-element elementor-element-d132ef2 elementor-section-content-middle elementor-section-stretched elementor-section-boxed elementor-section-height-default elementor-section-height-default\" data-id=\"d132ef2\" data-element_type=\"section\" data-e-type=\"section\" data-settings=\"{&quot;stretch_section&quot;:&quot;section-stretched&quot;}\">\n\t\t\t\t\t\t<div class=\"elementor-container elementor-column-gap-wider\">\n\t\t\t\t\t<div class=\"elementor-column elementor-col-50 elementor-top-column elementor-element elementor-element-bd4a74b\" data-id=\"bd4a74b\" data-element_type=\"column\" data-e-type=\"column\">\n\t\t\t<div class=\"elementor-widget-wrap elementor-element-populated\">\n\t\t\t\t\t\t<div class=\"elementor-element elementor-element-8c1df60 elementor-widget elementor-widget-text-editor\" data-id=\"8c1df60\" data-element_type=\"widget\" data-e-type=\"widget\" data-widget_type=\"text-editor.default\">\n\t\t\t\t\t\t\t\t\t<h3>Pourquoi choisir Horeca Services De Coster ?<\/h3>\t\t\t\t\t\t\t\t<\/div>\n\t\t\t\t\t<\/div>\n\t\t<\/div>\n\t\t\t\t<div class=\"elementor-column elementor-col-50 elementor-top-column elementor-element elementor-element-e1e3ccc\" data-id=\"e1e3ccc\" data-element_type=\"column\" data-e-type=\"column\">\n\t\t\t<div class=\"elementor-widget-wrap elementor-element-populated\">\n\t\t\t\t\t\t<div class=\"elementor-element elementor-element-58b713b elementor-widget elementor-widget-text-editor\" data-id=\"58b713b\" data-element_type=\"widget\" data-e-type=\"widget\" data-widget_type=\"text-editor.default\">\n\t\t\t\t\t\t\t\t\t<ul><li data-start=\"2554\" data-end=\"2625\"><strong data-start=\"2554\" data-end=\"2585\">Service rapide, dans toute la Belgique<\/strong> \u2013 Enl\u00e8vement et livraison dans les 24 heures.<\/li><li data-start=\"2554\" data-end=\"2625\">Gratuit &amp; reconnu \u2013 documents conformes, contr\u00f4les sereins.<\/li><li data-start=\"2554\" data-end=\"2625\">Huile de qualit\u00e9 \u2013 r\u00e9sultats constants, moins de pertes.<\/li><li data-start=\"2554\" data-end=\"2625\">Un seul interlocuteur \u2013 <a class=\"decorated-link cursor-pointer\" rel=\"noopener\" data-start=\"2776\" data-end=\"2800\">Collecte <\/a><strong data-start=\"2774\" data-end=\"2857\">\u2194 <a class=\"decorated-link cursor-pointer\" rel=\"noopener\" data-start=\"2803\" data-end=\"2828\">Livraison <\/a>\u2194 <a class=\"decorated-link cursor-pointer\" rel=\"noopener\" data-start=\"2831\" data-end=\"2854\">Contact<\/a>.<\/strong><\/li><li data-start=\"2554\" data-end=\"2625\">\u00c9cologique \u2013 recyclage responsable de vos huiles usag\u00e9es.<\/li><\/ul>\t\t\t\t\t\t\t\t<\/div>\n\t\t\t\t\t<\/div>\n\t\t<\/div>\n\t\t\t\t\t<\/div>\n\t\t<\/section>\n\t\t\t\t<section class=\"elementor-section elementor-top-section elementor-element elementor-element-2c50d8f elementor-section-stretched elementor-section-boxed elementor-section-height-default elementor-section-height-default\" data-id=\"2c50d8f\" data-element_type=\"section\" data-e-type=\"section\" data-settings=\"{&quot;stretch_section&quot;:&quot;section-stretched&quot;,&quot;background_background&quot;:&quot;classic&quot;}\">\n\t\t\t\t\t\t<div class=\"elementor-container elementor-column-gap-wider\">\n\t\t\t\t\t<div class=\"elementor-column elementor-col-100 elementor-top-column elementor-element elementor-element-a1bc1e5\" data-id=\"a1bc1e5\" data-element_type=\"column\" data-e-type=\"column\">\n\t\t\t<div class=\"elementor-widget-wrap elementor-element-populated\">\n\t\t\t\t\t\t<section class=\"elementor-section elementor-inner-section elementor-element elementor-element-dfc856c elementor-section-boxed elementor-section-height-default elementor-section-height-default\" data-id=\"dfc856c\" data-element_type=\"section\" data-e-type=\"section\">\n\t\t\t\t\t\t<div class=\"elementor-container elementor-column-gap-narrow\">\n\t\t\t\t\t<div class=\"elementor-column elementor-col-50 elementor-inner-column elementor-element elementor-element-ec65f65\" data-id=\"ec65f65\" data-element_type=\"column\" data-e-type=\"column\" data-settings=\"{&quot;background_background&quot;:&quot;classic&quot;}\">\n\t\t\t<div class=\"elementor-widget-wrap elementor-element-populated\">\n\t\t\t\t\t\t<div class=\"elementor-element elementor-element-2c4dd0f elementor-widget elementor-widget-text-editor\" data-id=\"2c4dd0f\" data-element_type=\"widget\" data-e-type=\"widget\" data-widget_type=\"text-editor.default\">\n\t\t\t\t\t\t\t\t\t<h3><span style=\"color: #ffffff;\">Commencez d\u00e8s aujourd&rsquo;hui : demandez votre collecte ou commandez de l&rsquo;huile de friture fra\u00eeche.<\/span><\/h3>\t\t\t\t\t\t\t\t<\/div>\n\t\t\t\t\t<\/div>\n\t\t<\/div>\n\t\t\t\t<div class=\"elementor-column elementor-col-50 elementor-inner-column elementor-element elementor-element-f7bebb7\" data-id=\"f7bebb7\" data-element_type=\"column\" data-e-type=\"column\" data-settings=\"{&quot;background_background&quot;:&quot;classic&quot;}\">\n\t\t\t<div class=\"elementor-widget-wrap elementor-element-populated\">\n\t\t\t\t\t\t<div class=\"elementor-element elementor-element-064d699 elementor-widget elementor-widget-button\" data-id=\"064d699\" data-element_type=\"widget\" data-e-type=\"widget\" data-widget_type=\"button.default\">\n\t\t\t\t\t\t\t\t\t\t<a class=\"elementor-button elementor-button-link elementor-size-sm\" href=\"https:\/\/www.ophalenvet.be\/fr\/contact\/\">\n\t\t\t\t\t\t<span class=\"elementor-button-content-wrapper\">\n\t\t\t\t\t\t\t\t\t<span class=\"elementor-button-text\">Demandez votre enl\u00e8vement<\/span>\n\t\t\t\t\t<\/span>\n\t\t\t\t\t<\/a>\n\t\t\t\t\t\t\t\t<\/div>\n\t\t\t\t<div class=\"elementor-element elementor-element-c7b6bb4 elementor-align-justify elementor-widget elementor-widget-button\" data-id=\"c7b6bb4\" data-element_type=\"widget\" data-e-type=\"widget\" data-widget_type=\"button.default\">\n\t\t\t\t\t\t\t\t\t\t<a class=\"elementor-button elementor-button-link elementor-size-sm\" href=\"https:\/\/www.ophalenvet.be\/fr\/contact\/\">\n\t\t\t\t\t\t<span class=\"elementor-button-content-wrapper\">\n\t\t\t\t\t\t\t\t\t<span class=\"elementor-button-text\">Commander de l'huile<\/span>\n\t\t\t\t\t<\/span>\n\t\t\t\t\t<\/a>\n\t\t\t\t\t\t\t\t<\/div>\n\t\t\t\t\t<\/div>\n\t\t<\/div>\n\t\t\t\t\t<\/div>\n\t\t<\/section>\n\t\t\t\t\t<\/div>\n\t\t<\/div>\n\t\t\t\t\t<\/div>\n\t\t<\/section>\n\t\t\t\t<\/div>\n\t\t","protected":false},"excerpt":{"rendered":"<p>Horeca Services De Coster r\u00e9cup\u00e8re votre huile de friture usag\u00e9e de mani\u00e8re certifi\u00e9e et contre r\u00e9mun\u00e9ration, et vous livre en m\u00eame temps de l&rsquo;huile fra\u00eeche de<span class=\"excerpt-hellip\"> [\u2026]<\/span><\/p>\n","protected":false},"author":1,"featured_media":0,"parent":0,"menu_order":0,"comment_status":"open","ping_status":"closed","template":"","meta":{"footnotes":""},"class_list":["post-166","page","type-page","status-publish","hentry"],"_links":{"self":[{"href":"https:\/\/www.ophalenvet.be\/fr\/wp-json\/wp\/v2\/pages\/166","targetHints":{"allow":["GET"]}}],"collection":[{"href":"https:\/\/www.ophalenvet.be\/fr\/wp-json\/wp\/v2\/pages"}],"about":[{"href":"https:\/\/www.ophalenvet.be\/fr\/wp-json\/wp\/v2\/types\/page"}],"author":[{"embeddable":true,"href":"https:\/\/www.ophalenvet.be\/fr\/wp-json\/wp\/v2\/users\/1"}],"replies":[{"embeddable":true,"href":"https:\/\/www.ophalenvet.be\/fr\/wp-json\/wp\/v2\/comments?post=166"}],"version-history":[{"count":4,"href":"https:\/\/www.ophalenvet.be\/fr\/wp-json\/wp\/v2\/pages\/166\/revisions"}],"predecessor-version":[{"id":539,"href":"https:\/\/www.ophalenvet.be\/fr\/wp-json\/wp\/v2\/pages\/166\/revisions\/539"}],"wp:attachment":[{"href":"https:\/\/www.ophalenvet.be\/fr\/wp-json\/wp\/v2\/media?parent=166"}],"curies":[{"name":"wp","href":"https:\/\/api.w.org\/{rel}","templated":true}]}}