{"id":244,"date":"2020-10-19T12:52:11","date_gmt":"2020-10-19T12:52:11","guid":{"rendered":"https:\/\/www.ophalenvet.be\/collecte\/"},"modified":"2026-01-26T12:07:40","modified_gmt":"2026-01-26T12:07:40","slug":"collecte","status":"publish","type":"page","link":"https:\/\/www.ophalenvet.be\/fr\/collecte\/","title":{"rendered":"Collecte"},"content":{"rendered":"\t\t<div data-elementor-type=\"wp-page\" data-elementor-id=\"244\" class=\"elementor elementor-244 elementor-71\">\n\t\t\t\t\t\t<section class=\"elementor-section elementor-top-section elementor-element elementor-element-3c57f6d elementor-section-full_width elementor-section-stretched elementor-section-height-default elementor-section-height-default\" data-id=\"3c57f6d\" data-element_type=\"section\" data-e-type=\"section\" data-settings=\"{&quot;stretch_section&quot;:&quot;section-stretched&quot;,&quot;background_background&quot;:&quot;classic&quot;}\">\n\t\t\t\t\t\t<div class=\"elementor-container elementor-column-gap-no\">\n\t\t\t\t\t<div class=\"elementor-column elementor-col-50 elementor-top-column elementor-element elementor-element-8c3d0a0\" data-id=\"8c3d0a0\" data-element_type=\"column\" data-e-type=\"column\">\n\t\t\t<div class=\"elementor-widget-wrap elementor-element-populated\">\n\t\t\t\t\t\t<div class=\"elementor-element elementor-element-3979696 elementor-widget elementor-widget-text-editor\" data-id=\"3979696\" data-element_type=\"widget\" data-e-type=\"widget\" data-widget_type=\"text-editor.default\">\n\t\t\t\t\t\t\t\t\t<h1><span style=\"color: #ffffff;\">Collecte<\/span><\/h1>\n<h5><span style=\"color: #ffffff;\">Collecte gratuite des graisses et huiles de friture usag\u00e9es<br>dans toute la Belgique. Rapide, agr\u00e9\u00e9e et respectueuse de l&rsquo;environnement. <\/span><\/h5>\t\t\t\t\t\t\t\t<\/div>\n\t\t\t\t\t<\/div>\n\t\t<\/div>\n\t\t\t\t<div class=\"elementor-column elementor-col-50 elementor-top-column elementor-element elementor-element-677ba3a\" data-id=\"677ba3a\" data-element_type=\"column\" data-e-type=\"column\">\n\t\t\t<div class=\"elementor-widget-wrap elementor-element-populated\">\n\t\t\t\t\t\t<div class=\"elementor-element elementor-element-78f7725 elementor-widget elementor-widget-spacer\" data-id=\"78f7725\" data-element_type=\"widget\" data-e-type=\"widget\" data-widget_type=\"spacer.default\">\n\t\t\t\t\t\t\t<div class=\"elementor-spacer\">\n\t\t\t<div class=\"elementor-spacer-inner\"><\/div>\n\t\t<\/div>\n\t\t\t\t\t\t<\/div>\n\t\t\t\t\t<\/div>\n\t\t<\/div>\n\t\t\t\t\t<\/div>\n\t\t<\/section>\n\t\t\t\t<section class=\"elementor-section elementor-top-section elementor-element elementor-element-36b8cf4 elementor-section-stretched elementor-section-boxed elementor-section-height-default elementor-section-height-default\" data-id=\"36b8cf4\" data-element_type=\"section\" data-e-type=\"section\" data-settings=\"{&quot;stretch_section&quot;:&quot;section-stretched&quot;}\">\n\t\t\t\t\t\t<div class=\"elementor-container elementor-column-gap-wider\">\n\t\t\t\t\t<div class=\"elementor-column elementor-col-50 elementor-top-column elementor-element elementor-element-f1ac581\" data-id=\"f1ac581\" data-element_type=\"column\" data-e-type=\"column\">\n\t\t\t<div class=\"elementor-widget-wrap elementor-element-populated\">\n\t\t\t\t\t\t<div class=\"elementor-element elementor-element-1fb64bb elementor-widget__width-initial elementor-widget elementor-widget-text-editor\" data-id=\"1fb64bb\" data-element_type=\"widget\" data-e-type=\"widget\" data-widget_type=\"text-editor.default\">\n\t\t\t\t\t\t\t\t\t<h3>Collecte des graisses et huiles de friture usag\u00e9es dans toute la Belgique dans les 24 heures<\/h3>\t\t\t\t\t\t\t\t<\/div>\n\t\t\t\t\t<\/div>\n\t\t<\/div>\n\t\t\t\t<div class=\"elementor-column elementor-col-50 elementor-top-column elementor-element elementor-element-f92da34\" data-id=\"f92da34\" data-element_type=\"column\" data-e-type=\"column\">\n\t\t\t<div class=\"elementor-widget-wrap elementor-element-populated\">\n\t\t\t\t\t\t<div class=\"elementor-element elementor-element-88cbf67 elementor-widget elementor-widget-text-editor\" data-id=\"88cbf67\" data-element_type=\"widget\" data-e-type=\"widget\" data-widget_type=\"text-editor.default\">\n\t\t\t\t\t\t\t\t\t<h5>Horeca Services De Coster r\u00e9cup\u00e8re votre huile de <strong data-start=\"893\" data-end=\"913\">friture usag\u00e9e et vous la paie<\/strong>.<br data-start=\"914\" data-end=\"917\">Nous desservons les friteries, les snack-bars, les restaurants, les h\u00f4tels et les cuisines industrielles dans toute la Belgique et nous nous occupons de tout : collecte, traitement et documents l\u00e9gaux.<\/h5>\t\t\t\t\t\t\t\t<\/div>\n\t\t\t\t\t<\/div>\n\t\t<\/div>\n\t\t\t\t\t<\/div>\n\t\t<\/section>\n\t\t\t\t<section class=\"elementor-section elementor-top-section elementor-element elementor-element-327e99d elementor-section-stretched elementor-section-boxed elementor-section-height-default elementor-section-height-default\" data-id=\"327e99d\" data-element_type=\"section\" data-e-type=\"section\" data-settings=\"{&quot;stretch_section&quot;:&quot;section-stretched&quot;}\">\n\t\t\t\t\t\t<div class=\"elementor-container elementor-column-gap-wider\">\n\t\t\t\t\t<div class=\"elementor-column elementor-col-100 elementor-top-column elementor-element elementor-element-ddf7559\" data-id=\"ddf7559\" data-element_type=\"column\" data-e-type=\"column\">\n\t\t\t<div class=\"elementor-widget-wrap elementor-element-populated\">\n\t\t\t\t\t\t<div class=\"elementor-element elementor-element-73aac13 elementor-widget elementor-widget-text-editor\" data-id=\"73aac13\" data-element_type=\"widget\" data-e-type=\"widget\" data-widget_type=\"text-editor.default\">\n\t\t\t\t\t\t\t\t\t<h2>Comment fonctionne notre <span class=\"themecolor\">service d&rsquo;enl\u00e8vement<\/span> ?<\/h2>\t\t\t\t\t\t\t\t<\/div>\n\t\t\t\t\t<\/div>\n\t\t<\/div>\n\t\t\t\t\t<\/div>\n\t\t<\/section>\n\t\t\t\t<section class=\"elementor-section elementor-top-section elementor-element elementor-element-4f7bc46 elementor-section-stretched elementor-section-boxed elementor-section-height-default elementor-section-height-default\" data-id=\"4f7bc46\" data-element_type=\"section\" data-e-type=\"section\" data-settings=\"{&quot;stretch_section&quot;:&quot;section-stretched&quot;}\">\n\t\t\t\t\t\t<div class=\"elementor-container elementor-column-gap-default\">\n\t\t\t\t\t<div class=\"elementor-column elementor-col-25 elementor-top-column elementor-element elementor-element-f1988b6\" data-id=\"f1988b6\" data-element_type=\"column\" data-e-type=\"column\">\n\t\t\t<div class=\"elementor-widget-wrap elementor-element-populated\">\n\t\t\t\t\t\t<div class=\"elementor-element elementor-element-09ff9e1 elementor-widget elementor-widget-text-editor\" data-id=\"09ff9e1\" data-element_type=\"widget\" data-e-type=\"widget\" data-widget_type=\"text-editor.default\">\n\t\t\t\t\t\t\t\t\t<h3 class=\"themecolor\">01<\/h3>\n<h4>Demandes<\/h4>\n<p data-start=\"2256\" data-end=\"2363\">Il vous suffit de demander un enl\u00e8vement gratuit par t\u00e9l\u00e9phone, par e-mail ou via notre formulaire de contact.<\/p>\t\t\t\t\t\t\t\t<\/div>\n\t\t\t\t\t<\/div>\n\t\t<\/div>\n\t\t\t\t<div class=\"elementor-column elementor-col-25 elementor-top-column elementor-element elementor-element-777fb3c\" data-id=\"777fb3c\" data-element_type=\"column\" data-e-type=\"column\">\n\t\t\t<div class=\"elementor-widget-wrap elementor-element-populated\">\n\t\t\t\t\t\t<div class=\"elementor-element elementor-element-9c42a0a elementor-widget elementor-widget-text-editor\" data-id=\"9c42a0a\" data-element_type=\"widget\" data-e-type=\"widget\" data-widget_type=\"text-editor.default\">\n\t\t\t\t\t\t\t\t\t<h3 class=\"themecolor\">02<\/h3>\n<h4>Planification<\/h4>\n<p data-start=\"2365\" data-end=\"2468\">Nous planifions un moment de collecte sur un itin\u00e9raire fixe ou sur demande, en fonction de vos volumes.<\/p>\t\t\t\t\t\t\t\t<\/div>\n\t\t\t\t\t<\/div>\n\t\t<\/div>\n\t\t\t\t<div class=\"elementor-column elementor-col-25 elementor-top-column elementor-element elementor-element-3b51c50\" data-id=\"3b51c50\" data-element_type=\"column\" data-e-type=\"column\">\n\t\t\t<div class=\"elementor-widget-wrap elementor-element-populated\">\n\t\t\t\t\t\t<div class=\"elementor-element elementor-element-53a72a9 elementor-widget elementor-widget-text-editor\" data-id=\"53a72a9\" data-element_type=\"widget\" data-e-type=\"widget\" data-widget_type=\"text-editor.default\">\n\t\t\t\t\t\t\t\t\t<h3 class=\"themecolor\">03<\/h3>\n<h4>Collecte<\/h4>\n<p data-start=\"2470\" data-end=\"2589\">Notre chauffeur emporte vos graisses et huiles de friture usag\u00e9es dans des conteneurs homologu\u00e9s et ferm\u00e9s.<\/p>\t\t\t\t\t\t\t\t<\/div>\n\t\t\t\t\t<\/div>\n\t\t<\/div>\n\t\t\t\t<div class=\"elementor-column elementor-col-25 elementor-top-column elementor-element elementor-element-8f4d79d\" data-id=\"8f4d79d\" data-element_type=\"column\" data-e-type=\"column\">\n\t\t\t<div class=\"elementor-widget-wrap elementor-element-populated\">\n\t\t\t\t\t\t<div class=\"elementor-element elementor-element-0e34b88 elementor-widget elementor-widget-text-editor\" data-id=\"0e34b88\" data-element_type=\"widget\" data-e-type=\"widget\" data-widget_type=\"text-editor.default\">\n\t\t\t\t\t\t\t\t\t<h3 class=\"themecolor\">04<\/h3>\n<h4>Facultatif<\/h4>\n<p data-start=\"2591\" data-end=\"2752\">De nombreux clients combinent l&rsquo;enl\u00e8vement avec la livraison d&rsquo;huile de friture fra\u00eeche. Un seul partenaire, une seule visite, tout est r\u00e9gl\u00e9. <\/p>\t\t\t\t\t\t\t\t<\/div>\n\t\t\t\t\t<\/div>\n\t\t<\/div>\n\t\t\t\t\t<\/div>\n\t\t<\/section>\n\t\t\t\t<section class=\"elementor-section elementor-top-section elementor-element elementor-element-4cab698 elementor-section-stretched elementor-section-boxed elementor-section-height-default elementor-section-height-default\" data-id=\"4cab698\" data-element_type=\"section\" data-e-type=\"section\" data-settings=\"{&quot;stretch_section&quot;:&quot;section-stretched&quot;,&quot;background_background&quot;:&quot;classic&quot;}\">\n\t\t\t\t\t\t<div class=\"elementor-container elementor-column-gap-wider\">\n\t\t\t\t\t<div class=\"elementor-column elementor-col-50 elementor-top-column elementor-element elementor-element-e81ca72\" data-id=\"e81ca72\" data-element_type=\"column\" data-e-type=\"column\">\n\t\t\t<div class=\"elementor-widget-wrap elementor-element-populated\">\n\t\t\t\t\t\t<div class=\"elementor-element elementor-element-f15afb7 elementor-widget elementor-widget-text-editor\" data-id=\"f15afb7\" data-element_type=\"widget\" data-e-type=\"widget\" data-widget_type=\"text-editor.default\">\n\t\t\t\t\t\t\t\t\t<h3>Recyclage \u00e9cologique des graisses et huiles de friture<\/h3>\t\t\t\t\t\t\t\t<\/div>\n\t\t\t\t<div class=\"elementor-element elementor-element-534248f elementor-widget elementor-widget-text-editor\" data-id=\"534248f\" data-element_type=\"widget\" data-e-type=\"widget\" data-widget_type=\"text-editor.default\">\n\t\t\t\t\t\t\t\t\t<p>La graisse de friture collect\u00e9e est transform\u00e9e en<strong data-start=\"3151\" data-end=\"3179\"> biocarburants durables <\/strong>et autres applications \u00e9cologiques. Vous avez l&rsquo;assurance d&rsquo;un traitement correct et respectueux de l&rsquo;environnement, conforme \u00e0 toutes les normes belges et europ\u00e9ennes. Nous vous fournissons automatiquement tous les certificats et bons d&rsquo;enl\u00e8vement n\u00e9cessaires.<\/p>\t\t\t\t\t\t\t\t<\/div>\n\t\t\t\t\t<\/div>\n\t\t<\/div>\n\t\t\t\t<div class=\"elementor-column elementor-col-50 elementor-top-column elementor-element elementor-element-448635c\" data-id=\"448635c\" data-element_type=\"column\" data-e-type=\"column\">\n\t\t\t<div class=\"elementor-widget-wrap elementor-element-populated\">\n\t\t\t\t\t\t<div class=\"elementor-element elementor-element-f179beb elementor-widget elementor-widget-image\" data-id=\"f179beb\" data-element_type=\"widget\" data-e-type=\"widget\" data-widget_type=\"image.default\">\n\t\t\t\t\t\t\t\t\t\t\t\t\t\t\t<img fetchpriority=\"high\" decoding=\"async\" width=\"1200\" height=\"1200\" src=\"https:\/\/www.ophalenvet.be\/wp-content\/uploads\/2025\/11\/Ontwerp-zonder-titel-13-1200x1200.png\" class=\"attachment-large size-large wp-image-243\" alt=\"\" srcset=\"https:\/\/www.ophalenvet.be\/wp-content\/uploads\/2025\/11\/Ontwerp-zonder-titel-13-1200x1200.png 1200w, https:\/\/www.ophalenvet.be\/wp-content\/uploads\/2025\/11\/Ontwerp-zonder-titel-13-500x500.png 500w, https:\/\/www.ophalenvet.be\/wp-content\/uploads\/2025\/11\/Ontwerp-zonder-titel-13-300x300.png 300w, https:\/\/www.ophalenvet.be\/wp-content\/uploads\/2025\/11\/Ontwerp-zonder-titel-13-768x768.png 768w, https:\/\/www.ophalenvet.be\/wp-content\/uploads\/2025\/11\/Ontwerp-zonder-titel-13-1536x1536.png 1536w, https:\/\/www.ophalenvet.be\/wp-content\/uploads\/2025\/11\/Ontwerp-zonder-titel-13-150x150.png 150w, https:\/\/www.ophalenvet.be\/wp-content\/uploads\/2025\/11\/Ontwerp-zonder-titel-13-75x75.png 75w, https:\/\/www.ophalenvet.be\/wp-content\/uploads\/2025\/11\/Ontwerp-zonder-titel-13-480x480.png 480w, https:\/\/www.ophalenvet.be\/wp-content\/uploads\/2025\/11\/Ontwerp-zonder-titel-13.png 2048w\" sizes=\"(max-width:767px) 480px, (max-width:1200px) 100vw, 1200px\" \/>\t\t\t\t\t\t\t\t\t\t\t\t\t\t\t<\/div>\n\t\t\t\t\t<\/div>\n\t\t<\/div>\n\t\t\t\t\t<\/div>\n\t\t<\/section>\n\t\t<div class=\"elementor-element elementor-element-41c0f47 e-flex e-con-boxed e-con e-parent\" data-id=\"41c0f47\" data-element_type=\"container\" data-e-type=\"container\">\n\t\t\t\t\t<div class=\"e-con-inner\">\n\t\t<div class=\"elementor-element elementor-element-a53eeb0 e-con-full e-flex e-con e-child\" data-id=\"a53eeb0\" data-element_type=\"container\" data-e-type=\"container\">\n\t\t\t\t<div class=\"elementor-element elementor-element-d318306 elementor-widget elementor-widget-text-editor\" data-id=\"d318306\" data-element_type=\"widget\" data-e-type=\"widget\" data-widget_type=\"text-editor.default\">\n\t\t\t\t\t\t\t\t\t<h2>Collecteur agr\u00e9\u00e9 d&rsquo;huile de cuisson UCO<\/h2>\t\t\t\t\t\t\t\t<\/div>\n\t\t\t\t<\/div>\n\t\t<div class=\"elementor-element elementor-element-24fc2b7 e-con-full e-flex e-con e-child\" data-id=\"24fc2b7\" data-element_type=\"container\" data-e-type=\"container\">\n\t\t\t\t<div class=\"elementor-element elementor-element-f646a4c elementor-widget elementor-widget-image\" data-id=\"f646a4c\" data-element_type=\"widget\" data-e-type=\"widget\" data-widget_type=\"image.default\">\n\t\t\t\t\t\t\t\t\t\t\t\t\t\t\t<img decoding=\"async\" width=\"1024\" height=\"1024\" data-src=\"https:\/\/www.ophalenvet.be\/wp-content\/uploads\/2026\/01\/ISCC-PLUS-logo-1024x1024-1.png\" class=\"attachment-large size-large wp-image-763 lazyload\" alt=\"\" data-srcset=\"https:\/\/www.ophalenvet.be\/wp-content\/uploads\/2026\/01\/ISCC-PLUS-logo-1024x1024-1.png 1024w, https:\/\/www.ophalenvet.be\/wp-content\/uploads\/2026\/01\/ISCC-PLUS-logo-1024x1024-1-500x500.png 500w, https:\/\/www.ophalenvet.be\/wp-content\/uploads\/2026\/01\/ISCC-PLUS-logo-1024x1024-1-300x300.png 300w, https:\/\/www.ophalenvet.be\/wp-content\/uploads\/2026\/01\/ISCC-PLUS-logo-1024x1024-1-768x768.png 768w, https:\/\/www.ophalenvet.be\/wp-content\/uploads\/2026\/01\/ISCC-PLUS-logo-1024x1024-1-150x150.png 150w, https:\/\/www.ophalenvet.be\/wp-content\/uploads\/2026\/01\/ISCC-PLUS-logo-1024x1024-1-75x75.png 75w, https:\/\/www.ophalenvet.be\/wp-content\/uploads\/2026\/01\/ISCC-PLUS-logo-1024x1024-1-480x480.png 480w\" data-sizes=\"(max-width:767px) 480px, (max-width:1024px) 100vw, 1024px\" src=\"data:image\/svg+xml;base64,PHN2ZyB3aWR0aD0iMSIgaGVpZ2h0PSIxIiB4bWxucz0iaHR0cDovL3d3dy53My5vcmcvMjAwMC9zdmciPjwvc3ZnPg==\" style=\"--smush-placeholder-width: 1024px; --smush-placeholder-aspect-ratio: 1024\/1024;\" \/>\t\t\t\t\t\t\t\t\t\t\t\t\t\t\t<\/div>\n\t\t\t\t<\/div>\n\t\t<div class=\"elementor-element elementor-element-21a4354 e-con-full e-flex e-con e-child\" data-id=\"21a4354\" data-element_type=\"container\" data-e-type=\"container\">\n\t\t\t\t<div class=\"elementor-element elementor-element-6936cf1 elementor-widget elementor-widget-image\" data-id=\"6936cf1\" data-element_type=\"widget\" data-e-type=\"widget\" data-widget_type=\"image.default\">\n\t\t\t\t\t\t\t\t\t\t\t\t\t\t\t<img decoding=\"async\" width=\"940\" height=\"411\" data-src=\"https:\/\/www.ophalenvet.be\/wp-content\/uploads\/2026\/01\/valorfrit-new-logo-nl.png\" class=\"attachment-large size-large wp-image-764 lazyload\" alt=\"\" data-srcset=\"https:\/\/www.ophalenvet.be\/wp-content\/uploads\/2026\/01\/valorfrit-new-logo-nl.png 940w, https:\/\/www.ophalenvet.be\/wp-content\/uploads\/2026\/01\/valorfrit-new-logo-nl-500x219.png 500w, https:\/\/www.ophalenvet.be\/wp-content\/uploads\/2026\/01\/valorfrit-new-logo-nl-300x131.png 300w, https:\/\/www.ophalenvet.be\/wp-content\/uploads\/2026\/01\/valorfrit-new-logo-nl-768x336.png 768w, https:\/\/www.ophalenvet.be\/wp-content\/uploads\/2026\/01\/valorfrit-new-logo-nl-150x66.png 150w, https:\/\/www.ophalenvet.be\/wp-content\/uploads\/2026\/01\/valorfrit-new-logo-nl-480x210.png 480w\" data-sizes=\"(max-width:767px) 480px, (max-width:940px) 100vw, 940px\" src=\"data:image\/svg+xml;base64,PHN2ZyB3aWR0aD0iMSIgaGVpZ2h0PSIxIiB4bWxucz0iaHR0cDovL3d3dy53My5vcmcvMjAwMC9zdmciPjwvc3ZnPg==\" style=\"--smush-placeholder-width: 940px; --smush-placeholder-aspect-ratio: 940\/411;\" \/>\t\t\t\t\t\t\t\t\t\t\t\t\t\t\t<\/div>\n\t\t\t\t<\/div>\n\t\t\t\t\t<\/div>\n\t\t\t\t<\/div>\n\t\t\t\t<section class=\"elementor-section elementor-top-section elementor-element elementor-element-5f5d8194 elementor-section-stretched elementor-section-boxed elementor-section-height-default elementor-section-height-default\" data-id=\"5f5d8194\" data-element_type=\"section\" data-e-type=\"section\" data-settings=\"{&quot;stretch_section&quot;:&quot;section-stretched&quot;,&quot;background_background&quot;:&quot;classic&quot;}\">\n\t\t\t\t\t\t<div class=\"elementor-container elementor-column-gap-wider\">\n\t\t\t\t\t<div class=\"elementor-column elementor-col-100 elementor-top-column elementor-element elementor-element-6179f17e\" data-id=\"6179f17e\" data-element_type=\"column\" data-e-type=\"column\">\n\t\t\t<div class=\"elementor-widget-wrap elementor-element-populated\">\n\t\t\t\t\t\t<section class=\"elementor-section elementor-inner-section elementor-element elementor-element-1d4e0cb2 elementor-section-boxed elementor-section-height-default elementor-section-height-default\" data-id=\"1d4e0cb2\" data-element_type=\"section\" data-e-type=\"section\">\n\t\t\t\t\t\t<div class=\"elementor-container elementor-column-gap-narrow\">\n\t\t\t\t\t<div class=\"elementor-column elementor-col-50 elementor-inner-column elementor-element elementor-element-1064d58b\" data-id=\"1064d58b\" data-element_type=\"column\" data-e-type=\"column\" data-settings=\"{&quot;background_background&quot;:&quot;classic&quot;}\">\n\t\t\t<div class=\"elementor-widget-wrap elementor-element-populated\">\n\t\t\t\t\t\t<div class=\"elementor-element elementor-element-74a0810d elementor-widget elementor-widget-text-editor\" data-id=\"74a0810d\" data-element_type=\"widget\" data-e-type=\"widget\" data-widget_type=\"text-editor.default\">\n\t\t\t\t\t\t\t\t\t<h3><span style=\"color: #ffffff;\">Demandez d\u00e8s maintenant votre collecte de graisses et huiles de friture, nous passerons quand cela vous convient.<\/span><\/h3>\t\t\t\t\t\t\t\t<\/div>\n\t\t\t\t\t<\/div>\n\t\t<\/div>\n\t\t\t\t<div class=\"elementor-column elementor-col-50 elementor-inner-column elementor-element elementor-element-15e209cb\" data-id=\"15e209cb\" data-element_type=\"column\" data-e-type=\"column\" data-settings=\"{&quot;background_background&quot;:&quot;classic&quot;}\">\n\t\t\t<div class=\"elementor-widget-wrap elementor-element-populated\">\n\t\t\t\t\t\t<div class=\"elementor-element elementor-element-3028de96 elementor-widget elementor-widget-button\" data-id=\"3028de96\" data-element_type=\"widget\" data-e-type=\"widget\" data-widget_type=\"button.default\">\n\t\t\t\t\t\t\t\t\t\t<a class=\"elementor-button elementor-button-link elementor-size-sm\" href=\"https:\/\/www.ophalenvet.be\/fr\/contact\/\">\n\t\t\t\t\t\t<span class=\"elementor-button-content-wrapper\">\n\t\t\t\t\t\t\t\t\t<span class=\"elementor-button-text\">Demandez votre enl\u00e8vement<\/span>\n\t\t\t\t\t<\/span>\n\t\t\t\t\t<\/a>\n\t\t\t\t\t\t\t\t<\/div>\n\t\t\t\t\t<\/div>\n\t\t<\/div>\n\t\t\t\t\t<\/div>\n\t\t<\/section>\n\t\t\t\t\t<\/div>\n\t\t<\/div>\n\t\t\t\t\t<\/div>\n\t\t<\/section>\n\t\t\t\t<\/div>\n\t\t","protected":false},"excerpt":{"rendered":"<p>Collecte Collecte gratuite des graisses et huiles de friture usag\u00e9esdans toute la Belgique. Rapide, agr\u00e9\u00e9e et respectueuse de l&rsquo;environnement. Collecte des graisses et huiles de friture<span class=\"excerpt-hellip\"> [\u2026]<\/span><\/p>\n","protected":false},"author":1,"featured_media":0,"parent":0,"menu_order":0,"comment_status":"open","ping_status":"closed","template":"","meta":{"footnotes":""},"class_list":["post-244","page","type-page","status-publish","hentry"],"_links":{"self":[{"href":"https:\/\/www.ophalenvet.be\/fr\/wp-json\/wp\/v2\/pages\/244","targetHints":{"allow":["GET"]}}],"collection":[{"href":"https:\/\/www.ophalenvet.be\/fr\/wp-json\/wp\/v2\/pages"}],"about":[{"href":"https:\/\/www.ophalenvet.be\/fr\/wp-json\/wp\/v2\/types\/page"}],"author":[{"embeddable":true,"href":"https:\/\/www.ophalenvet.be\/fr\/wp-json\/wp\/v2\/users\/1"}],"replies":[{"embeddable":true,"href":"https:\/\/www.ophalenvet.be\/fr\/wp-json\/wp\/v2\/comments?post=244"}],"version-history":[{"count":2,"href":"https:\/\/www.ophalenvet.be\/fr\/wp-json\/wp\/v2\/pages\/244\/revisions"}],"predecessor-version":[{"id":541,"href":"https:\/\/www.ophalenvet.be\/fr\/wp-json\/wp\/v2\/pages\/244\/revisions\/541"}],"wp:attachment":[{"href":"https:\/\/www.ophalenvet.be\/fr\/wp-json\/wp\/v2\/media?parent=244"}],"curies":[{"name":"wp","href":"https:\/\/api.w.org\/{rel}","templated":true}]}}