{"id":361,"date":"2025-11-23T11:03:53","date_gmt":"2025-11-23T11:03:53","guid":{"rendered":"https:\/\/www.ophalenvet.be\/a-propos-de-nous\/"},"modified":"2026-01-26T11:43:38","modified_gmt":"2026-01-26T11:43:38","slug":"a-propos-de-nous","status":"publish","type":"page","link":"https:\/\/www.ophalenvet.be\/fr\/a-propos-de-nous\/","title":{"rendered":"\u00c0 propos de nous"},"content":{"rendered":"\t\t<div data-elementor-type=\"wp-page\" data-elementor-id=\"361\" class=\"elementor elementor-361 elementor-318\">\n\t\t\t\t\t\t<section class=\"elementor-section elementor-top-section elementor-element elementor-element-3c57f6d elementor-section-full_width elementor-section-stretched elementor-section-height-default elementor-section-height-default\" data-id=\"3c57f6d\" data-element_type=\"section\" data-e-type=\"section\" data-settings=\"{&quot;stretch_section&quot;:&quot;section-stretched&quot;,&quot;background_background&quot;:&quot;classic&quot;}\">\n\t\t\t\t\t\t<div class=\"elementor-container elementor-column-gap-no\">\n\t\t\t\t\t<div class=\"elementor-column elementor-col-50 elementor-top-column elementor-element elementor-element-8c3d0a0\" data-id=\"8c3d0a0\" data-element_type=\"column\" data-e-type=\"column\">\n\t\t\t<div class=\"elementor-widget-wrap elementor-element-populated\">\n\t\t\t\t\t\t<div class=\"elementor-element elementor-element-3979696 elementor-widget elementor-widget-text-editor\" data-id=\"3979696\" data-element_type=\"widget\" data-e-type=\"widget\" data-widget_type=\"text-editor.default\">\n\t\t\t\t\t\t\t\t\t<h1><span style=\"color: #ffffff;\">\u00c0 propos de nous<\/span><\/h1><h5><span style=\"color: #ffffff;\">D\u00e9couvrez qui nous sommes : collecteur agr\u00e9\u00e9 de graisses de friture, service rapide, enl\u00e8vement et livraison dans toute la Belgique. Fiable et respectueux de l&rsquo;environnement. <\/span><\/h5>\t\t\t\t\t\t\t\t<\/div>\n\t\t\t\t\t<\/div>\n\t\t<\/div>\n\t\t\t\t<div class=\"elementor-column elementor-col-50 elementor-top-column elementor-element elementor-element-677ba3a\" data-id=\"677ba3a\" data-element_type=\"column\" data-e-type=\"column\">\n\t\t\t<div class=\"elementor-widget-wrap elementor-element-populated\">\n\t\t\t\t\t\t<div class=\"elementor-element elementor-element-78f7725 elementor-widget elementor-widget-spacer\" data-id=\"78f7725\" data-element_type=\"widget\" data-e-type=\"widget\" data-widget_type=\"spacer.default\">\n\t\t\t\t\t\t\t<div class=\"elementor-spacer\">\n\t\t\t<div class=\"elementor-spacer-inner\"><\/div>\n\t\t<\/div>\n\t\t\t\t\t\t<\/div>\n\t\t\t\t\t<\/div>\n\t\t<\/div>\n\t\t\t\t\t<\/div>\n\t\t<\/section>\n\t\t\t\t<section class=\"elementor-section elementor-top-section elementor-element elementor-element-36b8cf4 elementor-section-stretched elementor-section-boxed elementor-section-height-default elementor-section-height-default\" data-id=\"36b8cf4\" data-element_type=\"section\" data-e-type=\"section\" data-settings=\"{&quot;stretch_section&quot;:&quot;section-stretched&quot;}\">\n\t\t\t\t\t\t<div class=\"elementor-container elementor-column-gap-wider\">\n\t\t\t\t\t<div class=\"elementor-column elementor-col-50 elementor-top-column elementor-element elementor-element-f1ac581\" data-id=\"f1ac581\" data-element_type=\"column\" data-e-type=\"column\">\n\t\t\t<div class=\"elementor-widget-wrap elementor-element-populated\">\n\t\t\t\t\t\t<div class=\"elementor-element elementor-element-1fb64bb elementor-widget__width-initial elementor-widget elementor-widget-text-editor\" data-id=\"1fb64bb\" data-element_type=\"widget\" data-e-type=\"widget\" data-widget_type=\"text-editor.default\">\n\t\t\t\t\t\t\t\t\t<h3 data-start=\"700\" data-end=\"772\">Votre partenaire fiable pour les graisses et huiles de friture en Belgique<\/h3>\t\t\t\t\t\t\t\t<\/div>\n\t\t\t\t\t<\/div>\n\t\t<\/div>\n\t\t\t\t<div class=\"elementor-column elementor-col-50 elementor-top-column elementor-element elementor-element-f92da34\" data-id=\"f92da34\" data-element_type=\"column\" data-e-type=\"column\">\n\t\t\t<div class=\"elementor-widget-wrap elementor-element-populated\">\n\t\t\t\t\t\t<div class=\"elementor-element elementor-element-88cbf67 elementor-widget elementor-widget-text-editor\" data-id=\"88cbf67\" data-element_type=\"widget\" data-e-type=\"widget\" data-widget_type=\"text-editor.default\">\n\t\t\t\t\t\t\t\t\t<h5>Horeca Services De Coster existe depuis 1958 et est connu depuis des ann\u00e9es comme le partenaire privil\u00e9gi\u00e9 des \u00e9tablissements horeca qui souhaitent faire enlever leur graisse de friture usag\u00e9e et se faire livrer de l&rsquo;huile fra\u00eeche de qualit\u00e9. Nous travaillons rapidement, gratuitement et sommes enti\u00e8rement agr\u00e9\u00e9s, partout en Belgique. Nous allions simplicit\u00e9, fiabilit\u00e9 et v\u00e9ritable souci de durabilit\u00e9.  <\/h5>\t\t\t\t\t\t\t\t<\/div>\n\t\t\t\t\t<\/div>\n\t\t<\/div>\n\t\t\t\t\t<\/div>\n\t\t<\/section>\n\t\t\t\t<section class=\"elementor-section elementor-top-section elementor-element elementor-element-4cab698 elementor-section-stretched elementor-section-boxed elementor-section-height-default elementor-section-height-default\" data-id=\"4cab698\" data-element_type=\"section\" data-e-type=\"section\" data-settings=\"{&quot;stretch_section&quot;:&quot;section-stretched&quot;,&quot;background_background&quot;:&quot;classic&quot;}\">\n\t\t\t\t\t\t<div class=\"elementor-container elementor-column-gap-wider\">\n\t\t\t\t\t<div class=\"elementor-column elementor-col-50 elementor-top-column elementor-element elementor-element-e81ca72\" data-id=\"e81ca72\" data-element_type=\"column\" data-e-type=\"column\">\n\t\t\t<div class=\"elementor-widget-wrap elementor-element-populated\">\n\t\t\t\t\t\t<div class=\"elementor-element elementor-element-f15afb7 elementor-widget elementor-widget-text-editor\" data-id=\"f15afb7\" data-element_type=\"widget\" data-e-type=\"widget\" data-widget_type=\"text-editor.default\">\n\t\t\t\t\t\t\t\t\t<h3>Entreprise familiale depuis 4 g\u00e9n\u00e9rations avec une mission claire<\/h3>\t\t\t\t\t\t\t\t<\/div>\n\t\t\t\t<div class=\"elementor-element elementor-element-534248f elementor-widget elementor-widget-text-editor\" data-id=\"534248f\" data-element_type=\"widget\" data-e-type=\"widget\" data-widget_type=\"text-editor.default\">\n\t\t\t\t\t\t\t\t\t<p data-start=\"1233\" data-end=\"1565\">Horeca Services De Coster a d\u00e9but\u00e9 en tant que modeste entreprise familiale en 1958 et s&rsquo;est d\u00e9velopp\u00e9e pour devenir un nom incontournable dans le secteur de l&rsquo;h\u00f4tellerie et de la restauration en Flandre et en Wallonie. Notre mission est simple : soulager les entreprises du secteur de l&rsquo;h\u00f4tellerie et de la restauration en collectant et en recyclant de mani\u00e8re s\u00fbre l&rsquo;huile de friture usag\u00e9e, tout en fournissant de l&rsquo;huile fra\u00eeche de qualit\u00e9, sans tracas et sans frais suppl\u00e9mentaires. <\/p><p data-start=\"1567\" data-end=\"1723\">Nous pensons qu&rsquo;un service de qualit\u00e9 commence par un interlocuteur unique. Pas de centres d&rsquo;appels, pas de rendez-vous compliqu\u00e9s : vous appelez, nous venons chez vous. C&rsquo;est aussi simple que cela.  <\/p>\t\t\t\t\t\t\t\t<\/div>\n\t\t\t\t\t<\/div>\n\t\t<\/div>\n\t\t\t\t<div class=\"elementor-column elementor-col-50 elementor-top-column elementor-element elementor-element-448635c\" data-id=\"448635c\" data-element_type=\"column\" data-e-type=\"column\">\n\t\t\t<div class=\"elementor-widget-wrap elementor-element-populated\">\n\t\t\t\t\t\t<div class=\"elementor-element elementor-element-f179beb elementor-widget elementor-widget-image\" data-id=\"f179beb\" data-element_type=\"widget\" data-e-type=\"widget\" data-widget_type=\"image.default\">\n\t\t\t\t\t\t\t\t\t\t\t\t\t\t\t<img fetchpriority=\"high\" decoding=\"async\" width=\"1200\" height=\"1200\" src=\"https:\/\/www.ophalenvet.be\/wp-content\/uploads\/2025\/11\/familiebedrijf-1200x1200.png\" class=\"attachment-large size-large wp-image-357\" alt=\"\" srcset=\"https:\/\/www.ophalenvet.be\/wp-content\/uploads\/2025\/11\/familiebedrijf-1200x1200.png 1200w, https:\/\/www.ophalenvet.be\/wp-content\/uploads\/2025\/11\/familiebedrijf-500x500.png 500w, https:\/\/www.ophalenvet.be\/wp-content\/uploads\/2025\/11\/familiebedrijf-300x300.png 300w, https:\/\/www.ophalenvet.be\/wp-content\/uploads\/2025\/11\/familiebedrijf.png 2048w\" sizes=\"(max-width:767px) 480px, (max-width:1200px) 100vw, 1200px\" \/>\t\t\t\t\t\t\t\t\t\t\t\t\t\t\t<\/div>\n\t\t\t\t\t<\/div>\n\t\t<\/div>\n\t\t\t\t\t<\/div>\n\t\t<\/section>\n\t\t\t\t<section class=\"elementor-section elementor-top-section elementor-element elementor-element-83567e6 elementor-section-stretched elementor-section-boxed elementor-section-height-default elementor-section-height-default\" data-id=\"83567e6\" data-element_type=\"section\" data-e-type=\"section\" data-settings=\"{&quot;stretch_section&quot;:&quot;section-stretched&quot;,&quot;background_background&quot;:&quot;classic&quot;}\">\n\t\t\t\t\t\t<div class=\"elementor-container elementor-column-gap-wider\">\n\t\t\t\t\t<div class=\"elementor-column elementor-col-50 elementor-top-column elementor-element elementor-element-e6a649e\" data-id=\"e6a649e\" data-element_type=\"column\" data-e-type=\"column\">\n\t\t\t<div class=\"elementor-widget-wrap elementor-element-populated\">\n\t\t\t\t\t\t<div class=\"elementor-element elementor-element-8d1678b elementor-widget elementor-widget-image\" data-id=\"8d1678b\" data-element_type=\"widget\" data-e-type=\"widget\" data-widget_type=\"image.default\">\n\t\t\t\t\t\t\t\t\t\t\t\t\t\t\t<img decoding=\"async\" width=\"1200\" height=\"1200\" data-src=\"https:\/\/www.ophalenvet.be\/wp-content\/uploads\/2025\/11\/Ontwerp-zonder-titel-13-1200x1200.png\" class=\"attachment-large size-large wp-image-243 lazyload\" alt=\"\" data-srcset=\"https:\/\/www.ophalenvet.be\/wp-content\/uploads\/2025\/11\/Ontwerp-zonder-titel-13-1200x1200.png 1200w, https:\/\/www.ophalenvet.be\/wp-content\/uploads\/2025\/11\/Ontwerp-zonder-titel-13-500x500.png 500w, https:\/\/www.ophalenvet.be\/wp-content\/uploads\/2025\/11\/Ontwerp-zonder-titel-13-300x300.png 300w, https:\/\/www.ophalenvet.be\/wp-content\/uploads\/2025\/11\/Ontwerp-zonder-titel-13-768x768.png 768w, https:\/\/www.ophalenvet.be\/wp-content\/uploads\/2025\/11\/Ontwerp-zonder-titel-13-1536x1536.png 1536w, https:\/\/www.ophalenvet.be\/wp-content\/uploads\/2025\/11\/Ontwerp-zonder-titel-13-150x150.png 150w, https:\/\/www.ophalenvet.be\/wp-content\/uploads\/2025\/11\/Ontwerp-zonder-titel-13-75x75.png 75w, https:\/\/www.ophalenvet.be\/wp-content\/uploads\/2025\/11\/Ontwerp-zonder-titel-13-480x480.png 480w, https:\/\/www.ophalenvet.be\/wp-content\/uploads\/2025\/11\/Ontwerp-zonder-titel-13.png 2048w\" data-sizes=\"(max-width:767px) 480px, (max-width:1200px) 100vw, 1200px\" src=\"data:image\/svg+xml;base64,PHN2ZyB3aWR0aD0iMSIgaGVpZ2h0PSIxIiB4bWxucz0iaHR0cDovL3d3dy53My5vcmcvMjAwMC9zdmciPjwvc3ZnPg==\" style=\"--smush-placeholder-width: 1200px; --smush-placeholder-aspect-ratio: 1200\/1200;\" \/>\t\t\t\t\t\t\t\t\t\t\t\t\t\t\t<\/div>\n\t\t\t\t\t<\/div>\n\t\t<\/div>\n\t\t\t\t<div class=\"elementor-column elementor-col-50 elementor-top-column elementor-element elementor-element-d2fa7cb\" data-id=\"d2fa7cb\" data-element_type=\"column\" data-e-type=\"column\">\n\t\t\t<div class=\"elementor-widget-wrap elementor-element-populated\">\n\t\t\t\t\t\t<div class=\"elementor-element elementor-element-250676e elementor-widget elementor-widget-text-editor\" data-id=\"250676e\" data-element_type=\"widget\" data-e-type=\"widget\" data-widget_type=\"text-editor.default\">\n\t\t\t\t\t\t\t\t\t<h3>Gratuit, reconnu et respectueux de l&rsquo;environnement<\/h3>\t\t\t\t\t\t\t\t<\/div>\n\t\t\t\t<div class=\"elementor-element elementor-element-3401178 elementor-widget elementor-widget-text-editor\" data-id=\"3401178\" data-element_type=\"widget\" data-e-type=\"widget\" data-widget_type=\"text-editor.default\">\n\t\t\t\t\t\t\t\t\t<p data-start=\"1776\" data-end=\"2021\">Nous sommes un point de collecte officiellement agr\u00e9\u00e9 pour les huiles et graisses de friture usag\u00e9es. Cela signifie que chaque collecte est effectu\u00e9e dans le respect total des normes l\u00e9gales et que vous recevez toujours les documents appropri\u00e9s pour votre administration ou l&rsquo;inspection alimentaire. <\/p><p data-start=\"2023\" data-end=\"2165\">Nos enl\u00e8vements sont toujours gratuits, quel que soit votre emplacement. De Bruges \u00e0 Li\u00e8ge, d&rsquo;Anvers \u00e0 Namur : nous parcourons toute la Belgique pour vous.<\/p><p data-start=\"2167\" data-end=\"2400\">Nous donnons une nouvelle vie \u00e0 votre huile usag\u00e9e. Apr\u00e8s collecte, elle est transform\u00e9e en biocarburants durables et autres applications respectueuses de l&rsquo;environnement. Votre entreprise contribue ainsi \u00e0 une \u00e9conomie circulaire sans aucun effort suppl\u00e9mentaire.  <\/p>\t\t\t\t\t\t\t\t<\/div>\n\t\t\t\t\t<\/div>\n\t\t<\/div>\n\t\t\t\t\t<\/div>\n\t\t<\/section>\n\t\t\t\t<section class=\"elementor-section elementor-top-section elementor-element elementor-element-0d0a495 elementor-section-stretched elementor-section-boxed elementor-section-height-default elementor-section-height-default\" data-id=\"0d0a495\" data-element_type=\"section\" data-e-type=\"section\" data-settings=\"{&quot;stretch_section&quot;:&quot;section-stretched&quot;,&quot;background_background&quot;:&quot;classic&quot;}\">\n\t\t\t\t\t\t<div class=\"elementor-container elementor-column-gap-wider\">\n\t\t\t\t\t<div class=\"elementor-column elementor-col-50 elementor-top-column elementor-element elementor-element-f148ef1\" data-id=\"f148ef1\" data-element_type=\"column\" data-e-type=\"column\">\n\t\t\t<div class=\"elementor-widget-wrap elementor-element-populated\">\n\t\t\t\t\t\t<div class=\"elementor-element elementor-element-c877791 elementor-widget elementor-widget-text-editor\" data-id=\"c877791\" data-element_type=\"widget\" data-e-type=\"widget\" data-widget_type=\"text-editor.default\">\n\t\t\t\t\t\t\t\t\t<h3>Une huile fra\u00eeche et de qualit\u00e9 livr\u00e9e quand vous en avez besoin<\/h3>\t\t\t\t\t\t\t\t<\/div>\n\t\t\t\t<div class=\"elementor-element elementor-element-88a84b6 elementor-widget elementor-widget-text-editor\" data-id=\"88a84b6\" data-element_type=\"widget\" data-e-type=\"widget\" data-widget_type=\"text-editor.default\">\n\t\t\t\t\t\t\t\t\t<p data-start=\"2472\" data-end=\"2746\">Outre les collectes, nous livrons \u00e9galement de l&rsquo;huile de friture fra\u00eeche de haute qualit\u00e9, rapidement et de mani\u00e8re flexible. Nous adaptons enti\u00e8rement notre planning \u00e0 votre rythme afin que vous ne soyez jamais \u00e0 court de stock. La livraison et la collecte peuvent \u00eatre parfaitement combin\u00e9es en un seul arr\u00eat.  <\/p><p data-start=\"2835\" data-end=\"2978\">Vous gagnez du temps, de l&rsquo;espace et r\u00e9duisez vos t\u00e2ches administratives. Et vous avez toujours la certitude que votre huile usag\u00e9e et votre nouveau stock sont parfaitement g\u00e9r\u00e9s. <\/p>\t\t\t\t\t\t\t\t<\/div>\n\t\t\t\t\t<\/div>\n\t\t<\/div>\n\t\t\t\t<div class=\"elementor-column elementor-col-50 elementor-top-column elementor-element elementor-element-c9dde00\" data-id=\"c9dde00\" data-element_type=\"column\" data-e-type=\"column\">\n\t\t\t<div class=\"elementor-widget-wrap elementor-element-populated\">\n\t\t\t\t\t\t<div class=\"elementor-element elementor-element-b42b0ee elementor-widget elementor-widget-image\" data-id=\"b42b0ee\" data-element_type=\"widget\" data-e-type=\"widget\" data-widget_type=\"image.default\">\n\t\t\t\t\t\t\t\t\t\t\t\t\t\t\t<img decoding=\"async\" width=\"1200\" height=\"1200\" data-src=\"https:\/\/www.ophalenvet.be\/wp-content\/uploads\/2025\/11\/leveringen-vetten-1200x1200.png\" class=\"attachment-large size-large wp-image-315 lazyload\" alt=\"\" data-srcset=\"https:\/\/www.ophalenvet.be\/wp-content\/uploads\/2025\/11\/leveringen-vetten-1200x1200.png 1200w, https:\/\/www.ophalenvet.be\/wp-content\/uploads\/2025\/11\/leveringen-vetten-500x500.png 500w, https:\/\/www.ophalenvet.be\/wp-content\/uploads\/2025\/11\/leveringen-vetten-300x300.png 300w, https:\/\/www.ophalenvet.be\/wp-content\/uploads\/2025\/11\/leveringen-vetten-768x768.png 768w, https:\/\/www.ophalenvet.be\/wp-content\/uploads\/2025\/11\/leveringen-vetten-1536x1536.png 1536w, https:\/\/www.ophalenvet.be\/wp-content\/uploads\/2025\/11\/leveringen-vetten-150x150.png 150w, https:\/\/www.ophalenvet.be\/wp-content\/uploads\/2025\/11\/leveringen-vetten-75x75.png 75w, https:\/\/www.ophalenvet.be\/wp-content\/uploads\/2025\/11\/leveringen-vetten.png 2048w\" data-sizes=\"(max-width:767px) 480px, (max-width:1200px) 100vw, 1200px\" src=\"data:image\/svg+xml;base64,PHN2ZyB3aWR0aD0iMSIgaGVpZ2h0PSIxIiB4bWxucz0iaHR0cDovL3d3dy53My5vcmcvMjAwMC9zdmciPjwvc3ZnPg==\" style=\"--smush-placeholder-width: 1200px; --smush-placeholder-aspect-ratio: 1200\/1200;\" \/>\t\t\t\t\t\t\t\t\t\t\t\t\t\t\t<\/div>\n\t\t\t\t\t<\/div>\n\t\t<\/div>\n\t\t\t\t\t<\/div>\n\t\t<\/section>\n\t\t\t\t<section class=\"elementor-section elementor-top-section elementor-element elementor-element-327e99d elementor-section-stretched elementor-section-boxed elementor-section-height-default elementor-section-height-default\" data-id=\"327e99d\" data-element_type=\"section\" data-e-type=\"section\" data-settings=\"{&quot;stretch_section&quot;:&quot;section-stretched&quot;}\">\n\t\t\t\t\t\t<div class=\"elementor-container elementor-column-gap-wider\">\n\t\t\t\t\t<div class=\"elementor-column elementor-col-100 elementor-top-column elementor-element elementor-element-ddf7559\" data-id=\"ddf7559\" data-element_type=\"column\" data-e-type=\"column\">\n\t\t\t<div class=\"elementor-widget-wrap elementor-element-populated\">\n\t\t\t\t\t\t<div class=\"elementor-element elementor-element-73aac13 elementor-widget elementor-widget-text-editor\" data-id=\"73aac13\" data-element_type=\"widget\" data-e-type=\"widget\" data-widget_type=\"text-editor.default\">\n\t\t\t\t\t\t\t\t\t<h2>Service dans toute la Belgique, <span class=\"themecolor\">\u00e0 organiser d\u00e8s aujourd&rsquo;hui<\/span> ?<\/h2>\t\t\t\t\t\t\t\t<\/div>\n\t\t\t\t\t<\/div>\n\t\t<\/div>\n\t\t\t\t\t<\/div>\n\t\t<\/section>\n\t\t\t\t<section class=\"elementor-section elementor-top-section elementor-element elementor-element-4f7bc46 elementor-section-stretched elementor-section-boxed elementor-section-height-default elementor-section-height-default\" data-id=\"4f7bc46\" data-element_type=\"section\" data-e-type=\"section\" data-settings=\"{&quot;stretch_section&quot;:&quot;section-stretched&quot;}\">\n\t\t\t\t\t\t<div class=\"elementor-container elementor-column-gap-default\">\n\t\t\t\t\t<div class=\"elementor-column elementor-col-100 elementor-top-column elementor-element elementor-element-f1988b6\" data-id=\"f1988b6\" data-element_type=\"column\" data-e-type=\"column\">\n\t\t\t<div class=\"elementor-widget-wrap elementor-element-populated\">\n\t\t\t\t\t\t<div class=\"elementor-element elementor-element-b7cac37 elementor-widget elementor-widget-text-editor\" data-id=\"b7cac37\" data-element_type=\"widget\" data-e-type=\"widget\" data-widget_type=\"text-editor.default\">\n\t\t\t\t\t\t\t\t\t<p data-start=\"3042\" data-end=\"3295\">Que vous exploitiez une petite friterie ou un grand \u00e9tablissement horeca, notre approche reste personnalis\u00e9e, flexible et rapide. Nous nous rendons o\u00f9 et quand vous le souhaitez. Gr\u00e2ce \u00e0 notre planification r\u00e9gionale, nous pouvons souvent venir chercher ou livrer vos commandes <strong data-start=\"3254\" data-end=\"3271\">dans la semaine m\u00eame<\/strong>.  <\/p><p data-start=\"3297\" data-end=\"3403\">Chez Horeca Services De Coster, vous optez pour la confiance, la simplicit\u00e9 et le respect de l&rsquo;environnement, jour apr\u00e8s jour.<\/p>\t\t\t\t\t\t\t\t<\/div>\n\t\t\t\t\t<\/div>\n\t\t<\/div>\n\t\t\t\t\t<\/div>\n\t\t<\/section>\n\t\t\t\t<section class=\"elementor-section elementor-top-section elementor-element elementor-element-652449fb elementor-section-stretched elementor-section-boxed elementor-section-height-default elementor-section-height-default\" data-id=\"652449fb\" data-element_type=\"section\" data-e-type=\"section\" data-settings=\"{&quot;stretch_section&quot;:&quot;section-stretched&quot;,&quot;background_background&quot;:&quot;classic&quot;}\">\n\t\t\t\t\t\t<div class=\"elementor-container elementor-column-gap-wider\">\n\t\t\t\t\t<div class=\"elementor-column elementor-col-100 elementor-top-column elementor-element elementor-element-447cab49\" data-id=\"447cab49\" data-element_type=\"column\" data-e-type=\"column\">\n\t\t\t<div class=\"elementor-widget-wrap elementor-element-populated\">\n\t\t\t\t\t\t<section class=\"elementor-section elementor-inner-section elementor-element elementor-element-14db5d93 elementor-section-boxed elementor-section-height-default elementor-section-height-default\" data-id=\"14db5d93\" data-element_type=\"section\" data-e-type=\"section\">\n\t\t\t\t\t\t<div class=\"elementor-container elementor-column-gap-narrow\">\n\t\t\t\t\t<div class=\"elementor-column elementor-col-50 elementor-inner-column elementor-element elementor-element-3cf0ff72\" data-id=\"3cf0ff72\" data-element_type=\"column\" data-e-type=\"column\" data-settings=\"{&quot;background_background&quot;:&quot;classic&quot;}\">\n\t\t\t<div class=\"elementor-widget-wrap elementor-element-populated\">\n\t\t\t\t\t\t<div class=\"elementor-element elementor-element-37c97c7c elementor-widget__width-initial elementor-widget elementor-widget-text-editor\" data-id=\"37c97c7c\" data-element_type=\"widget\" data-e-type=\"widget\" data-widget_type=\"text-editor.default\">\n\t\t\t\t\t\t\t\t\t<h3><span style=\"color: #ffffff;\">Pr\u00eat \u00e0 faire appel \u00e0 un partenaire fiable ? Demandez d\u00e8s aujourd&rsquo;hui votre enl\u00e8vement ou votre livraison, nous nous occupons du reste dans les 24 heures. <\/span><\/h3>\t\t\t\t\t\t\t\t<\/div>\n\t\t\t\t\t<\/div>\n\t\t<\/div>\n\t\t\t\t<div class=\"elementor-column elementor-col-50 elementor-inner-column elementor-element elementor-element-7ae3c31e\" data-id=\"7ae3c31e\" data-element_type=\"column\" data-e-type=\"column\" data-settings=\"{&quot;background_background&quot;:&quot;classic&quot;}\">\n\t\t\t<div class=\"elementor-widget-wrap elementor-element-populated\">\n\t\t\t\t\t\t<div class=\"elementor-element elementor-element-27b5689c elementor-widget elementor-widget-button\" data-id=\"27b5689c\" data-element_type=\"widget\" data-e-type=\"widget\" data-widget_type=\"button.default\">\n\t\t\t\t\t\t\t\t\t\t<a class=\"elementor-button elementor-button-link elementor-size-sm\" href=\"https:\/\/www.ophalenvet.be\/fr\/contact\/\">\n\t\t\t\t\t\t<span class=\"elementor-button-content-wrapper\">\n\t\t\t\t\t\t\t\t\t<span class=\"elementor-button-text\">Demandez votre enl\u00e8vement<\/span>\n\t\t\t\t\t<\/span>\n\t\t\t\t\t<\/a>\n\t\t\t\t\t\t\t\t<\/div>\n\t\t\t\t<div class=\"elementor-element elementor-element-10d5c447 elementor-align-justify elementor-widget elementor-widget-button\" data-id=\"10d5c447\" data-element_type=\"widget\" data-e-type=\"widget\" data-widget_type=\"button.default\">\n\t\t\t\t\t\t\t\t\t\t<a class=\"elementor-button elementor-button-link elementor-size-sm\" href=\"https:\/\/www.ophalenvet.be\/fr\/contact\/\">\n\t\t\t\t\t\t<span class=\"elementor-button-content-wrapper\">\n\t\t\t\t\t\t\t\t\t<span class=\"elementor-button-text\">Commander de l'huile<\/span>\n\t\t\t\t\t<\/span>\n\t\t\t\t\t<\/a>\n\t\t\t\t\t\t\t\t<\/div>\n\t\t\t\t\t<\/div>\n\t\t<\/div>\n\t\t\t\t\t<\/div>\n\t\t<\/section>\n\t\t\t\t\t<\/div>\n\t\t<\/div>\n\t\t\t\t\t<\/div>\n\t\t<\/section>\n\t\t\t\t<\/div>\n\t\t","protected":false},"excerpt":{"rendered":"<p>\u00c0 propos de nous D\u00e9couvrez qui nous sommes : collecteur agr\u00e9\u00e9 de graisses de friture, service rapide, enl\u00e8vement et livraison dans toute la Belgique. Fiable et<span class=\"excerpt-hellip\"> [\u2026]<\/span><\/p>\n","protected":false},"author":1,"featured_media":0,"parent":0,"menu_order":0,"comment_status":"open","ping_status":"closed","template":"","meta":{"footnotes":""},"class_list":["post-361","page","type-page","status-publish","hentry"],"_links":{"self":[{"href":"https:\/\/www.ophalenvet.be\/fr\/wp-json\/wp\/v2\/pages\/361","targetHints":{"allow":["GET"]}}],"collection":[{"href":"https:\/\/www.ophalenvet.be\/fr\/wp-json\/wp\/v2\/pages"}],"about":[{"href":"https:\/\/www.ophalenvet.be\/fr\/wp-json\/wp\/v2\/types\/page"}],"author":[{"embeddable":true,"href":"https:\/\/www.ophalenvet.be\/fr\/wp-json\/wp\/v2\/users\/1"}],"replies":[{"embeddable":true,"href":"https:\/\/www.ophalenvet.be\/fr\/wp-json\/wp\/v2\/comments?post=361"}],"version-history":[{"count":2,"href":"https:\/\/www.ophalenvet.be\/fr\/wp-json\/wp\/v2\/pages\/361\/revisions"}],"predecessor-version":[{"id":542,"href":"https:\/\/www.ophalenvet.be\/fr\/wp-json\/wp\/v2\/pages\/361\/revisions\/542"}],"wp:attachment":[{"href":"https:\/\/www.ophalenvet.be\/fr\/wp-json\/wp\/v2\/media?parent=361"}],"curies":[{"name":"wp","href":"https:\/\/api.w.org\/{rel}","templated":true}]}}