{"id":562,"date":"2025-11-23T15:59:45","date_gmt":"2025-11-23T15:59:45","guid":{"rendered":"https:\/\/www.ophalenvet.be\/collecte-des-graisses-de-friture-a-namur\/"},"modified":"2025-11-23T16:09:22","modified_gmt":"2025-11-23T16:09:22","slug":"collecte-des-graisses-de-friture-a-namur","status":"publish","type":"page","link":"https:\/\/www.ophalenvet.be\/fr\/collecte-des-graisses-de-friture-a-namur\/","title":{"rendered":"Collecte des graisses de friture \u00e0 Namur"},"content":{"rendered":"\t\t<div data-elementor-type=\"wp-page\" data-elementor-id=\"562\" class=\"elementor elementor-562 elementor-543\">\n\t\t\t\t\t\t<section class=\"elementor-section elementor-top-section elementor-element elementor-element-3c57f6d elementor-section-full_width elementor-section-stretched elementor-section-height-default elementor-section-height-default\" data-id=\"3c57f6d\" data-element_type=\"section\" data-e-type=\"section\" data-settings=\"{&quot;stretch_section&quot;:&quot;section-stretched&quot;,&quot;background_background&quot;:&quot;classic&quot;}\">\n\t\t\t\t\t\t<div class=\"elementor-container elementor-column-gap-no\">\n\t\t\t\t\t<div class=\"elementor-column elementor-col-50 elementor-top-column elementor-element elementor-element-8c3d0a0\" data-id=\"8c3d0a0\" data-element_type=\"column\" data-e-type=\"column\">\n\t\t\t<div class=\"elementor-widget-wrap elementor-element-populated\">\n\t\t\t\t\t\t<div class=\"elementor-element elementor-element-3979696 elementor-widget elementor-widget-text-editor\" data-id=\"3979696\" data-element_type=\"widget\" data-e-type=\"widget\" data-widget_type=\"text-editor.default\">\n\t\t\t\t\t\t\t\t\t<h2><span style=\"color: #ffffff;\">Namur<\/span><\/h2><h5><span style=\"color: #ffffff;\">Collecte gratuite des graisses et huiles de friture usag\u00e9es<br>dans toute la Belgique. Rapide, agr\u00e9\u00e9e et respectueuse de l&rsquo;environnement. <\/span><\/h5>\t\t\t\t\t\t\t\t<\/div>\n\t\t\t\t\t<\/div>\n\t\t<\/div>\n\t\t\t\t<div class=\"elementor-column elementor-col-50 elementor-top-column elementor-element elementor-element-677ba3a\" data-id=\"677ba3a\" data-element_type=\"column\" data-e-type=\"column\">\n\t\t\t<div class=\"elementor-widget-wrap elementor-element-populated\">\n\t\t\t\t\t\t<div class=\"elementor-element elementor-element-78f7725 elementor-widget elementor-widget-spacer\" data-id=\"78f7725\" data-element_type=\"widget\" data-e-type=\"widget\" data-widget_type=\"spacer.default\">\n\t\t\t\t\t\t\t<div class=\"elementor-spacer\">\n\t\t\t<div class=\"elementor-spacer-inner\"><\/div>\n\t\t<\/div>\n\t\t\t\t\t\t<\/div>\n\t\t\t\t\t<\/div>\n\t\t<\/div>\n\t\t\t\t\t<\/div>\n\t\t<\/section>\n\t\t\t\t<section class=\"elementor-section elementor-top-section elementor-element elementor-element-36b8cf4 elementor-section-stretched elementor-section-boxed elementor-section-height-default elementor-section-height-default\" data-id=\"36b8cf4\" data-element_type=\"section\" data-e-type=\"section\" data-settings=\"{&quot;stretch_section&quot;:&quot;section-stretched&quot;}\">\n\t\t\t\t\t\t<div class=\"elementor-container elementor-column-gap-wider\">\n\t\t\t\t\t<div class=\"elementor-column elementor-col-50 elementor-top-column elementor-element elementor-element-f1ac581\" data-id=\"f1ac581\" data-element_type=\"column\" data-e-type=\"column\">\n\t\t\t<div class=\"elementor-widget-wrap elementor-element-populated\">\n\t\t\t\t\t\t<div class=\"elementor-element elementor-element-1fb64bb elementor-widget__width-initial elementor-widget elementor-widget-text-editor\" data-id=\"1fb64bb\" data-element_type=\"widget\" data-e-type=\"widget\" data-widget_type=\"text-editor.default\">\n\t\t\t\t\t\t\t\t\t<h3 data-start=\"678\" data-end=\"734\">Collecte d&rsquo;huiles de friture \u00e0 Namur, rapide, gratuite et agr\u00e9\u00e9e<\/h3>\t\t\t\t\t\t\t\t<\/div>\n\t\t\t\t\t<\/div>\n\t\t<\/div>\n\t\t\t\t<div class=\"elementor-column elementor-col-50 elementor-top-column elementor-element elementor-element-f92da34\" data-id=\"f92da34\" data-element_type=\"column\" data-e-type=\"column\">\n\t\t\t<div class=\"elementor-widget-wrap elementor-element-populated\">\n\t\t\t\t\t\t<div class=\"elementor-element elementor-element-88cbf67 elementor-widget elementor-widget-text-editor\" data-id=\"88cbf67\" data-element_type=\"widget\" data-e-type=\"widget\" data-widget_type=\"text-editor.default\">\n\t\t\t\t\t\t\t\t\t<p data-start=\"68\" data-end=\"363\">Horeca Services De Coster collecte gratuitement vos graisses de friture usag\u00e9es dans toute la province de Namur. De Namur \u00e0 Dinant, de Gembloux \u00e0 Andenne : nous proposons un service de collecte rapide, agr\u00e9\u00e9 et respectueux de l&rsquo;environnement pour tous les \u00e9tablissements horeca. Si vous le souhaitez, nous pouvons \u00e9galement vous livrer directement de l&rsquo;huile fra\u00eeche de qualit\u00e9.  <\/p>\t\t\t\t\t\t\t\t<\/div>\n\t\t\t\t\t<\/div>\n\t\t<\/div>\n\t\t\t\t\t<\/div>\n\t\t<\/section>\n\t\t\t\t<section class=\"elementor-section elementor-top-section elementor-element elementor-element-327e99d elementor-section-stretched elementor-section-boxed elementor-section-height-default elementor-section-height-default\" data-id=\"327e99d\" data-element_type=\"section\" data-e-type=\"section\" data-settings=\"{&quot;stretch_section&quot;:&quot;section-stretched&quot;}\">\n\t\t\t\t\t\t<div class=\"elementor-container elementor-column-gap-wider\">\n\t\t\t\t\t<div class=\"elementor-column elementor-col-100 elementor-top-column elementor-element elementor-element-ddf7559\" data-id=\"ddf7559\" data-element_type=\"column\" data-e-type=\"column\">\n\t\t\t<div class=\"elementor-widget-wrap elementor-element-populated\">\n\t\t\t\t\t\t<div class=\"elementor-element elementor-element-73aac13 elementor-widget elementor-widget-text-editor\" data-id=\"73aac13\" data-element_type=\"widget\" data-e-type=\"widget\" data-widget_type=\"text-editor.default\">\n\t\t\t\t\t\t\t\t\t<h2>Collecte gratuite et agr\u00e9\u00e9e des graisses de friture dans toute la province de <span class=\"themecolor\">Namur <\/span>?<\/h2>\t\t\t\t\t\t\t\t<\/div>\n\t\t\t\t\t<\/div>\n\t\t<\/div>\n\t\t\t\t\t<\/div>\n\t\t<\/section>\n\t\t\t\t<section class=\"elementor-section elementor-top-section elementor-element elementor-element-4f7bc46 elementor-section-stretched elementor-section-boxed elementor-section-height-default elementor-section-height-default\" data-id=\"4f7bc46\" data-element_type=\"section\" data-e-type=\"section\" data-settings=\"{&quot;stretch_section&quot;:&quot;section-stretched&quot;}\">\n\t\t\t\t\t\t<div class=\"elementor-container elementor-column-gap-default\">\n\t\t\t\t\t<div class=\"elementor-column elementor-col-50 elementor-top-column elementor-element elementor-element-f1988b6\" data-id=\"f1988b6\" data-element_type=\"column\" data-e-type=\"column\">\n\t\t\t<div class=\"elementor-widget-wrap elementor-element-populated\">\n\t\t\t\t\t\t<div class=\"elementor-element elementor-element-09ff9e1 elementor-widget elementor-widget-text-editor\" data-id=\"09ff9e1\" data-element_type=\"widget\" data-e-type=\"widget\" data-widget_type=\"text-editor.default\">\n\t\t\t\t\t\t\t\t\t<p>En tant que restaurateur \u00e0 Namur, vous souhaitez pouvoir compter sur un partenaire fiable pour la collecte de votre huile de friture usag\u00e9e. Horeca Services De Coster est officiellement agr\u00e9\u00e9 et actif dans toute la province de Namur. Nous assurons gratuitement la collecte aupr\u00e8s des friteries, restaurants, h\u00f4tels, snack-bars, sandwicheries, boucheries et cuisines industrielles.  <\/p>\t\t\t\t\t\t\t\t<\/div>\n\t\t\t\t\t<\/div>\n\t\t<\/div>\n\t\t\t\t<div class=\"elementor-column elementor-col-50 elementor-top-column elementor-element elementor-element-8f4d79d\" data-id=\"8f4d79d\" data-element_type=\"column\" data-e-type=\"column\">\n\t\t\t<div class=\"elementor-widget-wrap elementor-element-populated\">\n\t\t\t\t\t\t<div class=\"elementor-element elementor-element-0e34b88 elementor-widget__width-initial elementor-widget elementor-widget-text-editor\" data-id=\"0e34b88\" data-element_type=\"widget\" data-e-type=\"widget\" data-widget_type=\"text-editor.default\">\n\t\t\t\t\t\t\t\t\t<p data-start=\"68\" data-end=\"290\">Nos chauffeurs effectuent quotidiennement des trajets \u00e0 <strong>Namur, Dinant, Andenne, Gembloux, Sambreville, \u00c9ghez\u00e9e, Floreffe, Fosses-la-Ville, Ciney, Ohey, Profondeville, Philippeville, Walcourt, Gedinne, Yvoir<\/strong> et dans les communes environnantes.<\/p><p data-start=\"292\" data-end=\"365\">Un simple coup de fil ou une demande en ligne suffit pour planifier imm\u00e9diatement votre enl\u00e8vement.<\/p>\t\t\t\t\t\t\t\t<\/div>\n\t\t\t\t\t<\/div>\n\t\t<\/div>\n\t\t\t\t\t<\/div>\n\t\t<\/section>\n\t\t\t\t<section class=\"elementor-section elementor-top-section elementor-element elementor-element-4cab698 elementor-section-stretched elementor-section-boxed elementor-section-height-default elementor-section-height-default\" data-id=\"4cab698\" data-element_type=\"section\" data-e-type=\"section\" data-settings=\"{&quot;stretch_section&quot;:&quot;section-stretched&quot;,&quot;background_background&quot;:&quot;classic&quot;}\">\n\t\t\t\t\t\t<div class=\"elementor-container elementor-column-gap-wider\">\n\t\t\t\t\t<div class=\"elementor-column elementor-col-50 elementor-top-column elementor-element elementor-element-e81ca72\" data-id=\"e81ca72\" data-element_type=\"column\" data-e-type=\"column\">\n\t\t\t<div class=\"elementor-widget-wrap elementor-element-populated\">\n\t\t\t\t\t\t<div class=\"elementor-element elementor-element-f15afb7 elementor-widget elementor-widget-text-editor\" data-id=\"f15afb7\" data-element_type=\"widget\" data-e-type=\"widget\" data-widget_type=\"text-editor.default\">\n\t\t\t\t\t\t\t\t\t<h3>Recyclage \u00e9cologique de vos r\u00e9sidus graisseux<\/h3>\t\t\t\t\t\t\t\t<\/div>\n\t\t\t\t<div class=\"elementor-element elementor-element-534248f elementor-widget elementor-widget-text-editor\" data-id=\"534248f\" data-element_type=\"widget\" data-e-type=\"widget\" data-widget_type=\"text-editor.default\">\n\t\t\t\t\t\t\t\t\t<p>Votre huile de friture usag\u00e9e b\u00e9n\u00e9ficie d&rsquo;une seconde vie chez nous. Nous assurons un recyclage enti\u00e8rement tra\u00e7able et respectueux de l&rsquo;environnement, conforme \u00e0 toutes les normes belges et europ\u00e9ennes. Vous recevez \u00e0 chaque fois un certificat de collecte que vous pouvez pr\u00e9senter lors des contr\u00f4les.  <\/p>\t\t\t\t\t\t\t\t<\/div>\n\t\t\t\t\t<\/div>\n\t\t<\/div>\n\t\t\t\t<div class=\"elementor-column elementor-col-50 elementor-top-column elementor-element elementor-element-448635c\" data-id=\"448635c\" data-element_type=\"column\" data-e-type=\"column\">\n\t\t\t<div class=\"elementor-widget-wrap elementor-element-populated\">\n\t\t\t\t\t\t<div class=\"elementor-element elementor-element-f179beb elementor-widget elementor-widget-image\" data-id=\"f179beb\" data-element_type=\"widget\" data-e-type=\"widget\" data-widget_type=\"image.default\">\n\t\t\t\t\t\t\t\t\t\t\t\t\t\t\t<img fetchpriority=\"high\" decoding=\"async\" width=\"1200\" height=\"1200\" src=\"https:\/\/www.ophalenvet.be\/wp-content\/uploads\/2025\/11\/Ontwerp-zonder-titel-13-1200x1200.png\" class=\"attachment-large size-large wp-image-243\" alt=\"\" srcset=\"https:\/\/www.ophalenvet.be\/wp-content\/uploads\/2025\/11\/Ontwerp-zonder-titel-13-1200x1200.png 1200w, https:\/\/www.ophalenvet.be\/wp-content\/uploads\/2025\/11\/Ontwerp-zonder-titel-13-500x500.png 500w, https:\/\/www.ophalenvet.be\/wp-content\/uploads\/2025\/11\/Ontwerp-zonder-titel-13-300x300.png 300w, https:\/\/www.ophalenvet.be\/wp-content\/uploads\/2025\/11\/Ontwerp-zonder-titel-13-768x768.png 768w, https:\/\/www.ophalenvet.be\/wp-content\/uploads\/2025\/11\/Ontwerp-zonder-titel-13-1536x1536.png 1536w, https:\/\/www.ophalenvet.be\/wp-content\/uploads\/2025\/11\/Ontwerp-zonder-titel-13-150x150.png 150w, https:\/\/www.ophalenvet.be\/wp-content\/uploads\/2025\/11\/Ontwerp-zonder-titel-13-75x75.png 75w, https:\/\/www.ophalenvet.be\/wp-content\/uploads\/2025\/11\/Ontwerp-zonder-titel-13-480x480.png 480w, https:\/\/www.ophalenvet.be\/wp-content\/uploads\/2025\/11\/Ontwerp-zonder-titel-13.png 2048w\" sizes=\"(max-width:767px) 480px, (max-width:1200px) 100vw, 1200px\" \/>\t\t\t\t\t\t\t\t\t\t\t\t\t\t\t<\/div>\n\t\t\t\t\t<\/div>\n\t\t<\/div>\n\t\t\t\t\t<\/div>\n\t\t<\/section>\n\t\t\t\t<section class=\"elementor-section elementor-top-section elementor-element elementor-element-4aca927 elementor-section-stretched elementor-section-boxed elementor-section-height-default elementor-section-height-default\" data-id=\"4aca927\" data-element_type=\"section\" data-e-type=\"section\" data-settings=\"{&quot;stretch_section&quot;:&quot;section-stretched&quot;,&quot;background_background&quot;:&quot;classic&quot;}\">\n\t\t\t\t\t\t<div class=\"elementor-container elementor-column-gap-wider\">\n\t\t\t\t\t<div class=\"elementor-column elementor-col-50 elementor-top-column elementor-element elementor-element-f2c2ca6\" data-id=\"f2c2ca6\" data-element_type=\"column\" data-e-type=\"column\">\n\t\t\t<div class=\"elementor-widget-wrap elementor-element-populated\">\n\t\t\t\t\t\t<div class=\"elementor-element elementor-element-336236e elementor-widget elementor-widget-image\" data-id=\"336236e\" data-element_type=\"widget\" data-e-type=\"widget\" data-widget_type=\"image.default\">\n\t\t\t\t\t\t\t\t\t\t\t\t\t\t\t<img decoding=\"async\" width=\"1200\" height=\"1200\" data-src=\"https:\/\/www.ophalenvet.be\/wp-content\/uploads\/2025\/11\/leveringen-vetten-1200x1200.png\" class=\"attachment-large size-large wp-image-315 lazyload\" alt=\"\" data-srcset=\"https:\/\/www.ophalenvet.be\/wp-content\/uploads\/2025\/11\/leveringen-vetten-1200x1200.png 1200w, https:\/\/www.ophalenvet.be\/wp-content\/uploads\/2025\/11\/leveringen-vetten-500x500.png 500w, https:\/\/www.ophalenvet.be\/wp-content\/uploads\/2025\/11\/leveringen-vetten-300x300.png 300w, https:\/\/www.ophalenvet.be\/wp-content\/uploads\/2025\/11\/leveringen-vetten-768x768.png 768w, https:\/\/www.ophalenvet.be\/wp-content\/uploads\/2025\/11\/leveringen-vetten-1536x1536.png 1536w, https:\/\/www.ophalenvet.be\/wp-content\/uploads\/2025\/11\/leveringen-vetten-150x150.png 150w, https:\/\/www.ophalenvet.be\/wp-content\/uploads\/2025\/11\/leveringen-vetten-75x75.png 75w, https:\/\/www.ophalenvet.be\/wp-content\/uploads\/2025\/11\/leveringen-vetten.png 2048w\" data-sizes=\"(max-width:767px) 480px, (max-width:1200px) 100vw, 1200px\" src=\"data:image\/svg+xml;base64,PHN2ZyB3aWR0aD0iMSIgaGVpZ2h0PSIxIiB4bWxucz0iaHR0cDovL3d3dy53My5vcmcvMjAwMC9zdmciPjwvc3ZnPg==\" style=\"--smush-placeholder-width: 1200px; --smush-placeholder-aspect-ratio: 1200\/1200;\" \/>\t\t\t\t\t\t\t\t\t\t\t\t\t\t\t<\/div>\n\t\t\t\t\t<\/div>\n\t\t<\/div>\n\t\t\t\t<div class=\"elementor-column elementor-col-50 elementor-top-column elementor-element elementor-element-a854db9\" data-id=\"a854db9\" data-element_type=\"column\" data-e-type=\"column\">\n\t\t\t<div class=\"elementor-widget-wrap elementor-element-populated\">\n\t\t\t\t\t\t<div class=\"elementor-element elementor-element-71b8772 elementor-widget elementor-widget-text-editor\" data-id=\"71b8772\" data-element_type=\"widget\" data-e-type=\"widget\" data-widget_type=\"text-editor.default\">\n\t\t\t\t\t\t\t\t\t<h3>Huile de friture fra\u00eeche de qualit\u00e9 livr\u00e9e chez vous<\/h3>\t\t\t\t\t\t\t\t<\/div>\n\t\t\t\t<div class=\"elementor-element elementor-element-b23ca4d elementor-widget elementor-widget-text-editor\" data-id=\"b23ca4d\" data-element_type=\"widget\" data-e-type=\"widget\" data-widget_type=\"text-editor.default\">\n\t\t\t\t\t\t\t\t\t<p>En plus de la collecte, nous livrons \u00e9galement de l&rsquo;huile de friture et de cuisson fra\u00eeche directement dans votre cuisine. Nous vous apportons une huile de qualit\u00e9 \u00e0 des prix comp\u00e9titifs et la pla\u00e7ons soigneusement \u00e0 l&rsquo;endroit appropri\u00e9 dans votre espace de stockage. De nombreux clients optent pour nos formules \u00ab collecte + livraison en un seul trajet \u00bb : rapide, efficace et sans effort suppl\u00e9mentaire.  <\/p>\t\t\t\t\t\t\t\t<\/div>\n\t\t\t\t\t<\/div>\n\t\t<\/div>\n\t\t\t\t\t<\/div>\n\t\t<\/section>\n\t\t\t\t<section class=\"elementor-section elementor-top-section elementor-element elementor-element-62a778e elementor-section-stretched elementor-section-boxed elementor-section-height-default elementor-section-height-default\" data-id=\"62a778e\" data-element_type=\"section\" data-e-type=\"section\" data-settings=\"{&quot;stretch_section&quot;:&quot;section-stretched&quot;}\">\n\t\t\t\t\t\t<div class=\"elementor-container elementor-column-gap-wider\">\n\t\t\t\t\t<div class=\"elementor-column elementor-col-50 elementor-top-column elementor-element elementor-element-e27b1ca\" data-id=\"e27b1ca\" data-element_type=\"column\" data-e-type=\"column\">\n\t\t\t<div class=\"elementor-widget-wrap elementor-element-populated\">\n\t\t\t\t\t\t<div class=\"elementor-element elementor-element-5cce0fb elementor-widget__width-initial elementor-widget elementor-widget-text-editor\" data-id=\"5cce0fb\" data-element_type=\"widget\" data-e-type=\"widget\" data-widget_type=\"text-editor.default\">\n\t\t\t\t\t\t\t\t\t<h3 data-start=\"678\" data-end=\"734\">Pourquoi choisir Horeca Services De Coster \u00e0 Namur ?<\/h3>\t\t\t\t\t\t\t\t<\/div>\n\t\t\t\t\t<\/div>\n\t\t<\/div>\n\t\t\t\t<div class=\"elementor-column elementor-col-50 elementor-top-column elementor-element elementor-element-e9f218a\" data-id=\"e9f218a\" data-element_type=\"column\" data-e-type=\"column\">\n\t\t\t<div class=\"elementor-widget-wrap elementor-element-populated\">\n\t\t\t\t\t\t<div class=\"elementor-element elementor-element-10045d4 elementor-widget elementor-widget-text-editor\" data-id=\"10045d4\" data-element_type=\"widget\" data-e-type=\"widget\" data-widget_type=\"text-editor.default\">\n\t\t\t\t\t\t\t\t\t<ul><li data-start=\"2630\" data-end=\"2664\"><strong data-start=\"2630\" data-end=\"2662\">Collecte agr\u00e9\u00e9e 100 % gratuite<\/strong><\/li><li data-start=\"2630\" data-end=\"2664\"><strong data-start=\"2667\" data-end=\"2685\">Service rapide<\/strong> \u2014 souvent dans les 24 \u00e0 48 heures<\/li><li data-start=\"2630\" data-end=\"2664\"><strong data-start=\"2717\" data-end=\"2755\">Livraison d&rsquo;huile de friture fra\u00eeche \u00e9galement<\/strong><\/li><li data-start=\"2630\" data-end=\"2664\"><strong data-start=\"2760\" data-end=\"2813\">Un seul interlocuteur pour tout Namur et ses environs<\/strong><\/li><li data-start=\"2630\" data-end=\"2664\"><strong data-start=\"2818\" data-end=\"2861\">Recyclage \u00e9cologique certifi\u00e9<\/strong><\/li><li data-start=\"2630\" data-end=\"2664\"><strong data-start=\"2866\" data-end=\"2918\">Entreprise familiale fiable active dans toute la Belgique<\/strong><\/li><\/ul><p data-start=\"2920\" data-end=\"3048\">Nous travaillons depuis des ann\u00e9es avec des \u00e9tablissements horeca \u00e0 Namur et comprenons parfaitement les besoins de votre cuisine : efficacit\u00e9, rapidit\u00e9 et simplicit\u00e9.<\/p>\t\t\t\t\t\t\t\t<\/div>\n\t\t\t\t\t<\/div>\n\t\t<\/div>\n\t\t\t\t\t<\/div>\n\t\t<\/section>\n\t\t\t\t<section class=\"elementor-section elementor-top-section elementor-element elementor-element-5f5d8194 elementor-section-stretched elementor-section-boxed elementor-section-height-default elementor-section-height-default\" data-id=\"5f5d8194\" data-element_type=\"section\" data-e-type=\"section\" data-settings=\"{&quot;stretch_section&quot;:&quot;section-stretched&quot;,&quot;background_background&quot;:&quot;classic&quot;}\">\n\t\t\t\t\t\t<div class=\"elementor-container elementor-column-gap-wider\">\n\t\t\t\t\t<div class=\"elementor-column elementor-col-100 elementor-top-column elementor-element elementor-element-6179f17e\" data-id=\"6179f17e\" data-element_type=\"column\" data-e-type=\"column\">\n\t\t\t<div class=\"elementor-widget-wrap elementor-element-populated\">\n\t\t\t\t\t\t<section class=\"elementor-section elementor-inner-section elementor-element elementor-element-1d4e0cb2 elementor-section-boxed elementor-section-height-default elementor-section-height-default\" data-id=\"1d4e0cb2\" data-element_type=\"section\" data-e-type=\"section\">\n\t\t\t\t\t\t<div class=\"elementor-container elementor-column-gap-narrow\">\n\t\t\t\t\t<div class=\"elementor-column elementor-col-50 elementor-inner-column elementor-element elementor-element-1064d58b\" data-id=\"1064d58b\" data-element_type=\"column\" data-e-type=\"column\" data-settings=\"{&quot;background_background&quot;:&quot;classic&quot;}\">\n\t\t\t<div class=\"elementor-widget-wrap elementor-element-populated\">\n\t\t\t\t\t\t<div class=\"elementor-element elementor-element-74a0810d elementor-widget elementor-widget-text-editor\" data-id=\"74a0810d\" data-element_type=\"widget\" data-e-type=\"widget\" data-widget_type=\"text-editor.default\">\n\t\t\t\t\t\t\t\t\t<h3><span style=\"color: #ffffff;\">Demandez d\u00e8s maintenant l&rsquo;enl\u00e8vement gratuit de vos graisses et huiles de friture, nous passerons quand cela vous convient.<\/span><\/h3>\t\t\t\t\t\t\t\t<\/div>\n\t\t\t\t\t<\/div>\n\t\t<\/div>\n\t\t\t\t<div class=\"elementor-column elementor-col-50 elementor-inner-column elementor-element elementor-element-15e209cb\" data-id=\"15e209cb\" data-element_type=\"column\" data-e-type=\"column\" data-settings=\"{&quot;background_background&quot;:&quot;classic&quot;}\">\n\t\t\t<div class=\"elementor-widget-wrap elementor-element-populated\">\n\t\t\t\t\t\t<div class=\"elementor-element elementor-element-3028de96 elementor-widget elementor-widget-button\" data-id=\"3028de96\" data-element_type=\"widget\" data-e-type=\"widget\" data-widget_type=\"button.default\">\n\t\t\t\t\t\t\t\t\t\t<a class=\"elementor-button elementor-button-link elementor-size-sm\" href=\"https:\/\/www.ophalenvet.be\/fr\/contact\/\">\n\t\t\t\t\t\t<span class=\"elementor-button-content-wrapper\">\n\t\t\t\t\t\t\t\t\t<span class=\"elementor-button-text\">Demander une collecte<\/span>\n\t\t\t\t\t<\/span>\n\t\t\t\t\t<\/a>\n\t\t\t\t\t\t\t\t<\/div>\n\t\t\t\t\t<\/div>\n\t\t<\/div>\n\t\t\t\t\t<\/div>\n\t\t<\/section>\n\t\t\t\t\t<\/div>\n\t\t<\/div>\n\t\t\t\t\t<\/div>\n\t\t<\/section>\n\t\t\t\t<\/div>\n\t\t","protected":false},"excerpt":{"rendered":"<p>Namur Collecte gratuite des graisses et huiles de friture usag\u00e9esdans toute la Belgique. Rapide, agr\u00e9\u00e9e et respectueuse de l&rsquo;environnement. Collecte d&rsquo;huiles de friture \u00e0 Namur, rapide,<span class=\"excerpt-hellip\"> [\u2026]<\/span><\/p>\n","protected":false},"author":1,"featured_media":0,"parent":0,"menu_order":0,"comment_status":"open","ping_status":"closed","template":"","meta":{"footnotes":""},"class_list":["post-562","page","type-page","status-publish","hentry"],"_links":{"self":[{"href":"https:\/\/www.ophalenvet.be\/fr\/wp-json\/wp\/v2\/pages\/562","targetHints":{"allow":["GET"]}}],"collection":[{"href":"https:\/\/www.ophalenvet.be\/fr\/wp-json\/wp\/v2\/pages"}],"about":[{"href":"https:\/\/www.ophalenvet.be\/fr\/wp-json\/wp\/v2\/types\/page"}],"author":[{"embeddable":true,"href":"https:\/\/www.ophalenvet.be\/fr\/wp-json\/wp\/v2\/users\/1"}],"replies":[{"embeddable":true,"href":"https:\/\/www.ophalenvet.be\/fr\/wp-json\/wp\/v2\/comments?post=562"}],"version-history":[{"count":1,"href":"https:\/\/www.ophalenvet.be\/fr\/wp-json\/wp\/v2\/pages\/562\/revisions"}],"predecessor-version":[{"id":563,"href":"https:\/\/www.ophalenvet.be\/fr\/wp-json\/wp\/v2\/pages\/562\/revisions\/563"}],"wp:attachment":[{"href":"https:\/\/www.ophalenvet.be\/fr\/wp-json\/wp\/v2\/media?parent=562"}],"curies":[{"name":"wp","href":"https:\/\/api.w.org\/{rel}","templated":true}]}}